{"id":11072,"date":"2026-04-20T08:39:05","date_gmt":"2026-04-20T08:39:05","guid":{"rendered":"https:\/\/www.solidariteprotestante.be\/?post_type=product&#038;p=11072"},"modified":"2026-04-20T08:46:32","modified_gmt":"2026-04-20T08:46:32","slug":"project-gebouw-voor-huisvestinging-studenten-mekepe-universite","status":"publish","type":"product","link":"https:\/\/www.solidariteprotestante.be\/nl\/projet-realise\/project-gebouw-voor-huisvestinging-studenten-mekepe-universite\/","title":{"rendered":"Project voor de bouw van een polyvalent gebouw voor huisvesting van kansarme studenten in de gemeente Mak\u00e8p\u00e8 Universit\u00e9: Een thuis voor talent: studiehuisvesting in Mak\u00e9p\u00e9 Universit\u00e9"},"content":{"rendered":"","protected":false},"excerpt":{"rendered":"<p>In de studentenwijk Mak\u00e8p\u00e8 Plateau, in Douala in Kameroen, beleven vele studenten een dagelijkse nachtmerrie. Sommigen leggen 20 tot 25 kilometer af om de collegebanken te bereiken, komen systematisch te laat en leven onder constante druk. Anderen, afkomstig uit kansarme gezinnen, huren ongezonde en afgelegen kamers voor 45 tot 60 euro per maand, een bedrag dat ze vaak nauwelijks kunnen betalen. Velen belanden op straat of worden uitgezet wegens wanbetaling. Deze studentenhuisvestingscrisis ondermijnt hun academisch succes en welzijn, en maakt van studeren een hels parcours. <\/p>\n<p>Het project \u2018Een thuis voor talent: studiehuisvesting in Mak\u00e9p\u00e9 Universit\u00e9\u2019, in samenwerking met de \u00c9glise \u00c9vang\u00e9lique du Cameroun (EEC) en gecofinancierd door Protestantse Solidariteit, biedt een concreet en duurzaam antwoord. De gemeente van Mak\u00e8p\u00e8 Universiteit, ideaal gelegen op drie minuten lopen van de campus en beschikkend over een terrein van 100 m\u00b2, gaat een polyvalent gebouw van drie verdiepingen bouwen. De eerste fase concentreert zich op de fundering en de begane grond, die vijf kamers voor 10 studenten tegen een zeer bescheiden huurprijs zullen herbergen, een polyvalente zaal voor sociaal-educatieve activiteiten en een uitgeruste kantoorruimte die reprografie en internet tegen laag tarief aanbiedt. Dit gebouw is ontworpen als een autonome pool: de inkomsten gegenereerd door de verhuur van ruimtes en diensten zullen het onderhoud, studiebeurzen en opleidingsprogramma&#39;s financieren. Het project zal ook banen cre\u00ebren voor gezinnen uit de wijk en een model van gemeenschapssolidariteit worden. Door kansarme studenten een waardige leefomgeving in de onmiddellijke nabijheid van de universiteit te bieden, zal deze infrastructuur hen eindelijk in staat stellen zich te concentreren op hun succes in plaats van op hun overleving. Het budget voor dit project, gefinancierd door Protestantse Solidariteit, bedraagt \u20ac9.500\u20ac. <\/p>\n<p><strong>Als u dit specifieke project wilt steunen: <\/strong><\/p>\n<p><strong>Doe een donatie<\/strong>: BE37 0680 6690 1028 \u2013 <strong>Mededeling<\/strong>: Kameroen \u2013 studenten Douala <\/p>\n<p><strong>Categorie<\/strong>: Onderwijs<\/p>\n","protected":false},"featured_media":0,"template":"","meta":[],"product_brand":[],"product_cat":[138],"product_tag":[141],"class_list":{"0":"post-11072","1":"product","2":"type-product","3":"status-publish","5":"product_cat-onderwijs","6":"product_tag-kameroen","8":"first","9":"instock","10":"shipping-taxable","11":"product-type-simple"},"yoast_head":"<!-- This site is optimized with the Yoast SEO plugin v27.4 - https:\/\/yoast.com\/product\/yoast-seo-wordpress\/ -->\n<title>Project voor de bouw van een polyvalent gebouw voor huisvesting van kansarme studenten in de gemeente Mak\u00e8p\u00e8 Universit\u00e9: Een thuis voor talent: studiehuisvesting in Mak\u00e9p\u00e9 Universit\u00e9 - Solidarit\u00e9 Protestante<\/title>\n<meta name=\"robots\" content=\"index, follow, max-snippet:-1, max-image-preview:large, max-video-preview:-1\" \/>\n<link rel=\"canonical\" href=\"https:\/\/www.solidariteprotestante.be\/nl\/projet-realise\/project-gebouw-voor-huisvestinging-studenten-mekepe-universite\/\" \/>\n<meta property=\"og:locale\" content=\"nl_NL\" \/>\n<meta property=\"og:type\" content=\"article\" \/>\n<meta property=\"og:title\" content=\"Project voor de bouw van een polyvalent gebouw voor huisvesting van kansarme studenten in de gemeente Mak\u00e8p\u00e8 Universit\u00e9: Een thuis voor talent: studiehuisvesting in Mak\u00e9p\u00e9 Universit\u00e9 - Solidarit\u00e9 Protestante\" \/>\n<meta property=\"og:description\" content=\"In de studentenwijk Mak\u00e8p\u00e8 Plateau, in Douala in Kameroen, beleven vele studenten een dagelijkse nachtmerrie. Sommigen leggen 20 tot 25 kilometer af om de collegebanken te bereiken, komen systematisch te laat en leven onder constante druk. Anderen, afkomstig uit kansarme gezinnen, huren ongezonde en afgelegen kamers voor 45 tot 60 euro per maand, een bedrag dat ze vaak nauwelijks kunnen betalen. Velen belanden op straat of worden uitgezet wegens wanbetaling. Deze studentenhuisvestingscrisis ondermijnt hun academisch succes en welzijn, en maakt van studeren een hels parcours.   Het project \u2018Een thuis voor talent: studiehuisvesting in Mak\u00e9p\u00e9 Universit\u00e9\u2019, in samenwerking met de \u00c9glise \u00c9vang\u00e9lique du Cameroun (EEC) en gecofinancierd door Protestantse Solidariteit, biedt een concreet en duurzaam antwoord. De gemeente van Mak\u00e8p\u00e8 Universiteit, ideaal gelegen op drie minuten lopen van de campus en beschikkend over een terrein van 100 m\u00b2, gaat een polyvalent gebouw van drie verdiepingen bouwen. De eerste fase concentreert zich op de fundering en de begane grond, die vijf kamers voor 10 studenten tegen een zeer bescheiden huurprijs zullen herbergen, een polyvalente zaal voor sociaal-educatieve activiteiten en een uitgeruste kantoorruimte die reprografie en internet tegen laag tarief aanbiedt. Dit gebouw is ontworpen als een autonome pool: de inkomsten gegenereerd door de verhuur van ruimtes en diensten zullen het onderhoud, studiebeurzen en opleidingsprogramma&#039;s financieren. Het project zal ook banen cre\u00ebren voor gezinnen uit de wijk en een model van gemeenschapssolidariteit worden. Door kansarme studenten een waardige leefomgeving in de onmiddellijke nabijheid van de universiteit te bieden, zal deze infrastructuur hen eindelijk in staat stellen zich te concentreren op hun succes in plaats van op hun overleving. Het budget voor dit project, gefinancierd door Protestantse Solidariteit, bedraagt \u20ac9.500\u20ac.   Als u dit specifieke project wilt steunen:   Doe een donatie: BE37 0680 6690 1028 \u2013 Mededeling: Kameroen - studenten Douala   Categorie: Onderwijs\" \/>\n<meta property=\"og:url\" content=\"https:\/\/www.solidariteprotestante.be\/nl\/projet-realise\/project-gebouw-voor-huisvestinging-studenten-mekepe-universite\/\" \/>\n<meta property=\"og:site_name\" content=\"Solidarit\u00e9 Protestante\" \/>\n<meta property=\"article:modified_time\" content=\"2026-04-20T08:46:32+00:00\" \/>\n<meta name=\"twitter:card\" content=\"summary_large_image\" \/>\n<script type=\"application\/ld+json\" class=\"yoast-schema-graph\">{\"@context\":\"https:\\\/\\\/schema.org\",\"@graph\":[{\"@type\":\"WebPage\",\"@id\":\"https:\\\/\\\/www.solidariteprotestante.be\\\/nl\\\/projet-realise\\\/project-gebouw-voor-huisvestinging-studenten-mekepe-universite\\\/\",\"url\":\"https:\\\/\\\/www.solidariteprotestante.be\\\/nl\\\/projet-realise\\\/project-gebouw-voor-huisvestinging-studenten-mekepe-universite\\\/\",\"name\":\"Project voor de bouw van een polyvalent gebouw voor huisvesting van kansarme studenten in de gemeente Mak\u00e8p\u00e8 Universit\u00e9: Een thuis voor talent: studiehuisvesting in Mak\u00e9p\u00e9 Universit\u00e9 - Solidarit\u00e9 Protestante\",\"isPartOf\":{\"@id\":\"https:\\\/\\\/www.solidariteprotestante.be\\\/nl\\\/#website\"},\"datePublished\":\"2026-04-20T08:39:05+00:00\",\"dateModified\":\"2026-04-20T08:46:32+00:00\",\"breadcrumb\":{\"@id\":\"https:\\\/\\\/www.solidariteprotestante.be\\\/nl\\\/projet-realise\\\/project-gebouw-voor-huisvestinging-studenten-mekepe-universite\\\/#breadcrumb\"},\"inLanguage\":\"nl-NL\",\"potentialAction\":[{\"@type\":\"ReadAction\",\"target\":[\"https:\\\/\\\/www.solidariteprotestante.be\\\/nl\\\/projet-realise\\\/project-gebouw-voor-huisvestinging-studenten-mekepe-universite\\\/\"]}]},{\"@type\":\"BreadcrumbList\",\"@id\":\"https:\\\/\\\/www.solidariteprotestante.be\\\/nl\\\/projet-realise\\\/project-gebouw-voor-huisvestinging-studenten-mekepe-universite\\\/#breadcrumb\",\"itemListElement\":[{\"@type\":\"ListItem\",\"position\":1,\"name\":\"Startpagina\",\"item\":\"https:\\\/\\\/www.solidariteprotestante.be\\\/nl\\\/\"},{\"@type\":\"ListItem\",\"position\":2,\"name\":\"Lopende Projecten\",\"item\":\"https:\\\/\\\/www.solidariteprotestante.be\\\/nl\\\/lopende-projecten\\\/\"},{\"@type\":\"ListItem\",\"position\":3,\"name\":\"Project voor de bouw van een polyvalent gebouw voor huisvesting van kansarme studenten in de gemeente Mak\u00e8p\u00e8 Universit\u00e9: Een thuis voor talent: studiehuisvesting in Mak\u00e9p\u00e9 Universit\u00e9\"}]},{\"@type\":\"WebSite\",\"@id\":\"https:\\\/\\\/www.solidariteprotestante.be\\\/nl\\\/#website\",\"url\":\"https:\\\/\\\/www.solidariteprotestante.be\\\/nl\\\/\",\"name\":\"Solidarit\u00e9 Protestante\",\"description\":\"\",\"potentialAction\":[{\"@type\":\"SearchAction\",\"target\":{\"@type\":\"EntryPoint\",\"urlTemplate\":\"https:\\\/\\\/www.solidariteprotestante.be\\\/nl\\\/?s={search_term_string}\"},\"query-input\":{\"@type\":\"PropertyValueSpecification\",\"valueRequired\":true,\"valueName\":\"search_term_string\"}}],\"inLanguage\":\"nl-NL\"}]}<\/script>\n<!-- \/ Yoast SEO plugin. -->","yoast_head_json":{"title":"Project voor de bouw van een polyvalent gebouw voor huisvesting van kansarme studenten in de gemeente Mak\u00e8p\u00e8 Universit\u00e9: Een thuis voor talent: studiehuisvesting in Mak\u00e9p\u00e9 Universit\u00e9 - Solidarit\u00e9 Protestante","robots":{"index":"index","follow":"follow","max-snippet":"max-snippet:-1","max-image-preview":"max-image-preview:large","max-video-preview":"max-video-preview:-1"},"canonical":"https:\/\/www.solidariteprotestante.be\/nl\/projet-realise\/project-gebouw-voor-huisvestinging-studenten-mekepe-universite\/","og_locale":"nl_NL","og_type":"article","og_title":"Project voor de bouw van een polyvalent gebouw voor huisvesting van kansarme studenten in de gemeente Mak\u00e8p\u00e8 Universit\u00e9: Een thuis voor talent: studiehuisvesting in Mak\u00e9p\u00e9 Universit\u00e9 - Solidarit\u00e9 Protestante","og_description":"In de studentenwijk Mak\u00e8p\u00e8 Plateau, in Douala in Kameroen, beleven vele studenten een dagelijkse nachtmerrie. Sommigen leggen 20 tot 25 kilometer af om de collegebanken te bereiken, komen systematisch te laat en leven onder constante druk. Anderen, afkomstig uit kansarme gezinnen, huren ongezonde en afgelegen kamers voor 45 tot 60 euro per maand, een bedrag dat ze vaak nauwelijks kunnen betalen. Velen belanden op straat of worden uitgezet wegens wanbetaling. Deze studentenhuisvestingscrisis ondermijnt hun academisch succes en welzijn, en maakt van studeren een hels parcours.   Het project \u2018Een thuis voor talent: studiehuisvesting in Mak\u00e9p\u00e9 Universit\u00e9\u2019, in samenwerking met de \u00c9glise \u00c9vang\u00e9lique du Cameroun (EEC) en gecofinancierd door Protestantse Solidariteit, biedt een concreet en duurzaam antwoord. De gemeente van Mak\u00e8p\u00e8 Universiteit, ideaal gelegen op drie minuten lopen van de campus en beschikkend over een terrein van 100 m\u00b2, gaat een polyvalent gebouw van drie verdiepingen bouwen. De eerste fase concentreert zich op de fundering en de begane grond, die vijf kamers voor 10 studenten tegen een zeer bescheiden huurprijs zullen herbergen, een polyvalente zaal voor sociaal-educatieve activiteiten en een uitgeruste kantoorruimte die reprografie en internet tegen laag tarief aanbiedt. Dit gebouw is ontworpen als een autonome pool: de inkomsten gegenereerd door de verhuur van ruimtes en diensten zullen het onderhoud, studiebeurzen en opleidingsprogramma&#39;s financieren. Het project zal ook banen cre\u00ebren voor gezinnen uit de wijk en een model van gemeenschapssolidariteit worden. Door kansarme studenten een waardige leefomgeving in de onmiddellijke nabijheid van de universiteit te bieden, zal deze infrastructuur hen eindelijk in staat stellen zich te concentreren op hun succes in plaats van op hun overleving. Het budget voor dit project, gefinancierd door Protestantse Solidariteit, bedraagt \u20ac9.500\u20ac.   Als u dit specifieke project wilt steunen:   Doe een donatie: BE37 0680 6690 1028 \u2013 Mededeling: Kameroen - studenten Douala   Categorie: Onderwijs","og_url":"https:\/\/www.solidariteprotestante.be\/nl\/projet-realise\/project-gebouw-voor-huisvestinging-studenten-mekepe-universite\/","og_site_name":"Solidarit\u00e9 Protestante","article_modified_time":"2026-04-20T08:46:32+00:00","twitter_card":"summary_large_image","schema":{"@context":"https:\/\/schema.org","@graph":[{"@type":"WebPage","@id":"https:\/\/www.solidariteprotestante.be\/nl\/projet-realise\/project-gebouw-voor-huisvestinging-studenten-mekepe-universite\/","url":"https:\/\/www.solidariteprotestante.be\/nl\/projet-realise\/project-gebouw-voor-huisvestinging-studenten-mekepe-universite\/","name":"Project voor de bouw van een polyvalent gebouw voor huisvesting van kansarme studenten in de gemeente Mak\u00e8p\u00e8 Universit\u00e9: Een thuis voor talent: studiehuisvesting in Mak\u00e9p\u00e9 Universit\u00e9 - Solidarit\u00e9 Protestante","isPartOf":{"@id":"https:\/\/www.solidariteprotestante.be\/nl\/#website"},"datePublished":"2026-04-20T08:39:05+00:00","dateModified":"2026-04-20T08:46:32+00:00","breadcrumb":{"@id":"https:\/\/www.solidariteprotestante.be\/nl\/projet-realise\/project-gebouw-voor-huisvestinging-studenten-mekepe-universite\/#breadcrumb"},"inLanguage":"nl-NL","potentialAction":[{"@type":"ReadAction","target":["https:\/\/www.solidariteprotestante.be\/nl\/projet-realise\/project-gebouw-voor-huisvestinging-studenten-mekepe-universite\/"]}]},{"@type":"BreadcrumbList","@id":"https:\/\/www.solidariteprotestante.be\/nl\/projet-realise\/project-gebouw-voor-huisvestinging-studenten-mekepe-universite\/#breadcrumb","itemListElement":[{"@type":"ListItem","position":1,"name":"Startpagina","item":"https:\/\/www.solidariteprotestante.be\/nl\/"},{"@type":"ListItem","position":2,"name":"Lopende Projecten","item":"https:\/\/www.solidariteprotestante.be\/nl\/lopende-projecten\/"},{"@type":"ListItem","position":3,"name":"Project voor de bouw van een polyvalent gebouw voor huisvesting van kansarme studenten in de gemeente Mak\u00e8p\u00e8 Universit\u00e9: Een thuis voor talent: studiehuisvesting in Mak\u00e9p\u00e9 Universit\u00e9"}]},{"@type":"WebSite","@id":"https:\/\/www.solidariteprotestante.be\/nl\/#website","url":"https:\/\/www.solidariteprotestante.be\/nl\/","name":"Solidarit\u00e9 Protestante","description":"","potentialAction":[{"@type":"SearchAction","target":{"@type":"EntryPoint","urlTemplate":"https:\/\/www.solidariteprotestante.be\/nl\/?s={search_term_string}"},"query-input":{"@type":"PropertyValueSpecification","valueRequired":true,"valueName":"search_term_string"}}],"inLanguage":"nl-NL"}]}},"_links":{"self":[{"href":"https:\/\/www.solidariteprotestante.be\/nl\/wp-json\/wp\/v2\/product\/11072","targetHints":{"allow":["GET"]}}],"collection":[{"href":"https:\/\/www.solidariteprotestante.be\/nl\/wp-json\/wp\/v2\/product"}],"about":[{"href":"https:\/\/www.solidariteprotestante.be\/nl\/wp-json\/wp\/v2\/types\/product"}],"wp:attachment":[{"href":"https:\/\/www.solidariteprotestante.be\/nl\/wp-json\/wp\/v2\/media?parent=11072"}],"wp:term":[{"taxonomy":"product_brand","embeddable":true,"href":"https:\/\/www.solidariteprotestante.be\/nl\/wp-json\/wp\/v2\/product_brand?post=11072"},{"taxonomy":"product_cat","embeddable":true,"href":"https:\/\/www.solidariteprotestante.be\/nl\/wp-json\/wp\/v2\/product_cat?post=11072"},{"taxonomy":"product_tag","embeddable":true,"href":"https:\/\/www.solidariteprotestante.be\/nl\/wp-json\/wp\/v2\/product_tag?post=11072"}],"curies":[{"name":"wp","href":"https:\/\/api.w.org\/{rel}","templated":true}]}}