{"id":11070,"date":"2026-04-20T08:29:50","date_gmt":"2026-04-20T08:29:50","guid":{"rendered":"https:\/\/www.solidariteprotestante.be\/?post_type=product&#038;p=11070"},"modified":"2026-04-20T08:37:08","modified_gmt":"2026-04-20T08:37:08","slug":"varkensfokkerijinitiatief-voor-kansarme-leden-van-de-kinderkerk-in-ndoungue-2","status":"publish","type":"product","link":"https:\/\/www.solidariteprotestante.be\/nl\/projet-realise\/varkensfokkerijinitiatief-voor-kansarme-leden-van-de-kinderkerk-in-ndoungue-2\/","title":{"rendered":"Varkensfokkerijinitiatief voor kansarme leden van de EEC-gemeente van Babouantou, departement Haut-Nkam, Westelijke provincie in Kameroen"},"content":{"rendered":"","protected":false},"excerpt":{"rendered":"<p>In Babouantou, in het departement Haut-Nkam in Kameroen, verstikt armoede alle hoop. Ondanks zijn natuurlijke rijkdommen en cultureel erfgoed van de Bamileke, lijdt dit bergdorp van bijna 4.000 inwoners zwaar onder het gebrek aan werkgelegenheid en begaanbare wegen om de landbouwproductie af te voeren. Jongeren verzinken in armoede, met vroege zwangerschappen die de ellende vergroten, en sommigen wenden zich tot diefstal en drugs, waardoor een toenemend klimaat van onveiligheid ontstaat. Paradoxaal genoeg is tijdens de traditionele ceremonies die het dorpsleven bepalen de vraag naar varkensvlees groot, maar blijft het lokale aanbod ontoereikend bij gebrek aan middelen om fokkerijen te ontwikkelen. <\/p>\n<p>Dit varkensfokkerijinitiatief, dat uitgevoerd wordt in samenwerking met de \u00c9glise \u00c9vang\u00e9lique du Cameroun (EEC) en gecofinancierd wordt door Protestantse Solidariteit, biedt een concrete reddingsboei aan twintig kansarme gezinnen van de parochie. Elk gezin ontvangt een initi\u00eble veestapel en de benodigde gereedschappen om een huisboerderij volgens de normen te bouwen. Het systeem is gebaseerd op een ingenieus principe van circulaire solidariteit: de eerste begunstigden verbinden zich ertoe \u00e9\u00e9n tot twee vrouwelijke biggen aan nieuwe gezinnen te schenken, waardoor een multiplicatoreffect ontstaat dat de impact geleidelijk over de hele gemeenschap zal uitbreiden. De mest wordt gewaardeerd als natuurlijke meststof om de akkers te bemesten, terwijl de vraag naar ma\u00efs, maniok en bananen om de varkens te voeden de plaatselijke landbouwproductie zal stimuleren. Met een doelstelling van 150 tot 200 varkens per jaar, zal dit project kwetsbare gezinnen omvormen tot autonome economische actoren, de armoedecirkel doorbreken en de plattelandsvlucht tegengaan die Babouantou van zijn jeugd berooft.<\/p>\n<p><strong>Het budget voor dit project, gefinancierd door Protestantse Solidariteit,<br \/>\nbedraagt 5.000\u20ac.<\/strong><\/p>\n<p><strong>Als u dit specifieke project wilt steunen:<\/strong><\/p>\n<p><strong>Doe een donatie<\/strong>: BE37 0680 6690 1028 \u2013 <strong>Mededeling<\/strong>: Kamereon \u2013 varkens voor Babouantou<\/p>\n<p><strong>Categorie<\/strong>: Autonomie<\/p>\n","protected":false},"featured_media":10722,"template":"","meta":[],"product_brand":[],"product_cat":[115],"product_tag":[141],"class_list":{"0":"post-11070","1":"product","2":"type-product","3":"status-publish","4":"has-post-thumbnail","6":"product_cat-zelfredzaamheid","7":"product_tag-kameroen","9":"first","10":"instock","11":"shipping-taxable","12":"product-type-simple"},"yoast_head":"<!-- This site is optimized with the Yoast SEO plugin v27.4 - https:\/\/yoast.com\/product\/yoast-seo-wordpress\/ -->\n<title>Varkensfokkerijinitiatief voor kansarme leden van de EEC-gemeente van Babouantou, departement Haut-Nkam, Westelijke provincie in Kameroen - Solidarit\u00e9 Protestante<\/title>\n<meta name=\"robots\" content=\"index, follow, max-snippet:-1, max-image-preview:large, max-video-preview:-1\" \/>\n<link rel=\"canonical\" href=\"https:\/\/www.solidariteprotestante.be\/nl\/projet-realise\/varkensfokkerijinitiatief-voor-kansarme-leden-van-de-kinderkerk-in-ndoungue-2\/\" \/>\n<meta property=\"og:locale\" content=\"nl_NL\" \/>\n<meta property=\"og:type\" content=\"article\" \/>\n<meta property=\"og:title\" content=\"Varkensfokkerijinitiatief voor kansarme leden van de EEC-gemeente van Babouantou, departement Haut-Nkam, Westelijke provincie in Kameroen - Solidarit\u00e9 Protestante\" \/>\n<meta property=\"og:description\" content=\"In Babouantou, in het departement Haut-Nkam in Kameroen, verstikt armoede alle hoop. Ondanks zijn natuurlijke rijkdommen en cultureel erfgoed van de Bamileke, lijdt dit bergdorp van bijna 4.000 inwoners zwaar onder het gebrek aan werkgelegenheid en begaanbare wegen om de landbouwproductie af te voeren. Jongeren verzinken in armoede, met vroege zwangerschappen die de ellende vergroten, en sommigen wenden zich tot diefstal en drugs, waardoor een toenemend klimaat van onveiligheid ontstaat. Paradoxaal genoeg is tijdens de traditionele ceremonies die het dorpsleven bepalen de vraag naar varkensvlees groot, maar blijft het lokale aanbod ontoereikend bij gebrek aan middelen om fokkerijen te ontwikkelen.   Dit varkensfokkerijinitiatief, dat uitgevoerd wordt in samenwerking met de \u00c9glise \u00c9vang\u00e9lique du Cameroun (EEC) en gecofinancierd wordt door Protestantse Solidariteit, biedt een concrete reddingsboei aan twintig kansarme gezinnen van de parochie. Elk gezin ontvangt een initi\u00eble veestapel en de benodigde gereedschappen om een huisboerderij volgens de normen te bouwen. Het systeem is gebaseerd op een ingenieus principe van circulaire solidariteit: de eerste begunstigden verbinden zich ertoe \u00e9\u00e9n tot twee vrouwelijke biggen aan nieuwe gezinnen te schenken, waardoor een multiplicatoreffect ontstaat dat de impact geleidelijk over de hele gemeenschap zal uitbreiden. De mest wordt gewaardeerd als natuurlijke meststof om de akkers te bemesten, terwijl de vraag naar ma\u00efs, maniok en bananen om de varkens te voeden de plaatselijke landbouwproductie zal stimuleren. Met een doelstelling van 150 tot 200 varkens per jaar, zal dit project kwetsbare gezinnen omvormen tot autonome economische actoren, de armoedecirkel doorbreken en de plattelandsvlucht tegengaan die Babouantou van zijn jeugd berooft.  Het budget voor dit project, gefinancierd door Protestantse Solidariteit, bedraagt 5.000\u20ac.  Als u dit specifieke project wilt steunen:  Doe een donatie: BE37 0680 6690 1028 \u2013 Mededeling: Kamereon \u2013 varkens voor Babouantou  Categorie: Autonomie\" \/>\n<meta property=\"og:url\" content=\"https:\/\/www.solidariteprotestante.be\/nl\/projet-realise\/varkensfokkerijinitiatief-voor-kansarme-leden-van-de-kinderkerk-in-ndoungue-2\/\" \/>\n<meta property=\"og:site_name\" content=\"Solidarit\u00e9 Protestante\" \/>\n<meta property=\"article:modified_time\" content=\"2026-04-20T08:37:08+00:00\" \/>\n<meta property=\"og:image\" content=\"https:\/\/www.solidariteprotestante.be\/wp-content\/uploads\/2025\/08\/elevage-de-porcs-rwanda.webp\" \/>\n\t<meta property=\"og:image:width\" content=\"600\" \/>\n\t<meta property=\"og:image:height\" content=\"600\" \/>\n\t<meta property=\"og:image:type\" content=\"image\/webp\" \/>\n<meta name=\"twitter:card\" content=\"summary_large_image\" \/>\n<meta name=\"twitter:label1\" content=\"Geschatte leestijd\" \/>\n\t<meta name=\"twitter:data1\" content=\"1 minuut\" \/>\n<script type=\"application\/ld+json\" class=\"yoast-schema-graph\">{\"@context\":\"https:\\\/\\\/schema.org\",\"@graph\":[{\"@type\":\"WebPage\",\"@id\":\"https:\\\/\\\/www.solidariteprotestante.be\\\/nl\\\/projet-realise\\\/varkensfokkerijinitiatief-voor-kansarme-leden-van-de-kinderkerk-in-ndoungue-2\\\/\",\"url\":\"https:\\\/\\\/www.solidariteprotestante.be\\\/nl\\\/projet-realise\\\/varkensfokkerijinitiatief-voor-kansarme-leden-van-de-kinderkerk-in-ndoungue-2\\\/\",\"name\":\"Varkensfokkerijinitiatief voor kansarme leden van de EEC-gemeente van Babouantou, departement Haut-Nkam, Westelijke provincie in Kameroen - Solidarit\u00e9 Protestante\",\"isPartOf\":{\"@id\":\"https:\\\/\\\/www.solidariteprotestante.be\\\/nl\\\/#website\"},\"primaryImageOfPage\":{\"@id\":\"https:\\\/\\\/www.solidariteprotestante.be\\\/nl\\\/projet-realise\\\/varkensfokkerijinitiatief-voor-kansarme-leden-van-de-kinderkerk-in-ndoungue-2\\\/#primaryimage\"},\"image\":{\"@id\":\"https:\\\/\\\/www.solidariteprotestante.be\\\/nl\\\/projet-realise\\\/varkensfokkerijinitiatief-voor-kansarme-leden-van-de-kinderkerk-in-ndoungue-2\\\/#primaryimage\"},\"thumbnailUrl\":\"https:\\\/\\\/www.solidariteprotestante.be\\\/wp-content\\\/uploads\\\/2025\\\/08\\\/elevage-de-porcs-rwanda.webp\",\"datePublished\":\"2026-04-20T08:29:50+00:00\",\"dateModified\":\"2026-04-20T08:37:08+00:00\",\"breadcrumb\":{\"@id\":\"https:\\\/\\\/www.solidariteprotestante.be\\\/nl\\\/projet-realise\\\/varkensfokkerijinitiatief-voor-kansarme-leden-van-de-kinderkerk-in-ndoungue-2\\\/#breadcrumb\"},\"inLanguage\":\"nl-NL\",\"potentialAction\":[{\"@type\":\"ReadAction\",\"target\":[\"https:\\\/\\\/www.solidariteprotestante.be\\\/nl\\\/projet-realise\\\/varkensfokkerijinitiatief-voor-kansarme-leden-van-de-kinderkerk-in-ndoungue-2\\\/\"]}]},{\"@type\":\"ImageObject\",\"inLanguage\":\"nl-NL\",\"@id\":\"https:\\\/\\\/www.solidariteprotestante.be\\\/nl\\\/projet-realise\\\/varkensfokkerijinitiatief-voor-kansarme-leden-van-de-kinderkerk-in-ndoungue-2\\\/#primaryimage\",\"url\":\"https:\\\/\\\/www.solidariteprotestante.be\\\/wp-content\\\/uploads\\\/2025\\\/08\\\/elevage-de-porcs-rwanda.webp\",\"contentUrl\":\"https:\\\/\\\/www.solidariteprotestante.be\\\/wp-content\\\/uploads\\\/2025\\\/08\\\/elevage-de-porcs-rwanda.webp\",\"width\":600,\"height\":600,\"caption\":\"Varkenshouderijproject in 85 gezinnen in Rwanda\"},{\"@type\":\"BreadcrumbList\",\"@id\":\"https:\\\/\\\/www.solidariteprotestante.be\\\/nl\\\/projet-realise\\\/varkensfokkerijinitiatief-voor-kansarme-leden-van-de-kinderkerk-in-ndoungue-2\\\/#breadcrumb\",\"itemListElement\":[{\"@type\":\"ListItem\",\"position\":1,\"name\":\"Startpagina\",\"item\":\"https:\\\/\\\/www.solidariteprotestante.be\\\/nl\\\/\"},{\"@type\":\"ListItem\",\"position\":2,\"name\":\"Lopende Projecten\",\"item\":\"https:\\\/\\\/www.solidariteprotestante.be\\\/nl\\\/lopende-projecten\\\/\"},{\"@type\":\"ListItem\",\"position\":3,\"name\":\"Varkensfokkerijinitiatief voor kansarme leden van de EEC-gemeente van Babouantou, departement Haut-Nkam, Westelijke provincie in Kameroen\"}]},{\"@type\":\"WebSite\",\"@id\":\"https:\\\/\\\/www.solidariteprotestante.be\\\/nl\\\/#website\",\"url\":\"https:\\\/\\\/www.solidariteprotestante.be\\\/nl\\\/\",\"name\":\"Solidarit\u00e9 Protestante\",\"description\":\"\",\"potentialAction\":[{\"@type\":\"SearchAction\",\"target\":{\"@type\":\"EntryPoint\",\"urlTemplate\":\"https:\\\/\\\/www.solidariteprotestante.be\\\/nl\\\/?s={search_term_string}\"},\"query-input\":{\"@type\":\"PropertyValueSpecification\",\"valueRequired\":true,\"valueName\":\"search_term_string\"}}],\"inLanguage\":\"nl-NL\"}]}<\/script>\n<!-- \/ Yoast SEO plugin. -->","yoast_head_json":{"title":"Varkensfokkerijinitiatief voor kansarme leden van de EEC-gemeente van Babouantou, departement Haut-Nkam, Westelijke provincie in Kameroen - Solidarit\u00e9 Protestante","robots":{"index":"index","follow":"follow","max-snippet":"max-snippet:-1","max-image-preview":"max-image-preview:large","max-video-preview":"max-video-preview:-1"},"canonical":"https:\/\/www.solidariteprotestante.be\/nl\/projet-realise\/varkensfokkerijinitiatief-voor-kansarme-leden-van-de-kinderkerk-in-ndoungue-2\/","og_locale":"nl_NL","og_type":"article","og_title":"Varkensfokkerijinitiatief voor kansarme leden van de EEC-gemeente van Babouantou, departement Haut-Nkam, Westelijke provincie in Kameroen - Solidarit\u00e9 Protestante","og_description":"In Babouantou, in het departement Haut-Nkam in Kameroen, verstikt armoede alle hoop. Ondanks zijn natuurlijke rijkdommen en cultureel erfgoed van de Bamileke, lijdt dit bergdorp van bijna 4.000 inwoners zwaar onder het gebrek aan werkgelegenheid en begaanbare wegen om de landbouwproductie af te voeren. Jongeren verzinken in armoede, met vroege zwangerschappen die de ellende vergroten, en sommigen wenden zich tot diefstal en drugs, waardoor een toenemend klimaat van onveiligheid ontstaat. Paradoxaal genoeg is tijdens de traditionele ceremonies die het dorpsleven bepalen de vraag naar varkensvlees groot, maar blijft het lokale aanbod ontoereikend bij gebrek aan middelen om fokkerijen te ontwikkelen.   Dit varkensfokkerijinitiatief, dat uitgevoerd wordt in samenwerking met de \u00c9glise \u00c9vang\u00e9lique du Cameroun (EEC) en gecofinancierd wordt door Protestantse Solidariteit, biedt een concrete reddingsboei aan twintig kansarme gezinnen van de parochie. Elk gezin ontvangt een initi\u00eble veestapel en de benodigde gereedschappen om een huisboerderij volgens de normen te bouwen. Het systeem is gebaseerd op een ingenieus principe van circulaire solidariteit: de eerste begunstigden verbinden zich ertoe \u00e9\u00e9n tot twee vrouwelijke biggen aan nieuwe gezinnen te schenken, waardoor een multiplicatoreffect ontstaat dat de impact geleidelijk over de hele gemeenschap zal uitbreiden. De mest wordt gewaardeerd als natuurlijke meststof om de akkers te bemesten, terwijl de vraag naar ma\u00efs, maniok en bananen om de varkens te voeden de plaatselijke landbouwproductie zal stimuleren. Met een doelstelling van 150 tot 200 varkens per jaar, zal dit project kwetsbare gezinnen omvormen tot autonome economische actoren, de armoedecirkel doorbreken en de plattelandsvlucht tegengaan die Babouantou van zijn jeugd berooft.  Het budget voor dit project, gefinancierd door Protestantse Solidariteit, bedraagt 5.000\u20ac.  Als u dit specifieke project wilt steunen:  Doe een donatie: BE37 0680 6690 1028 \u2013 Mededeling: Kamereon \u2013 varkens voor Babouantou  Categorie: Autonomie","og_url":"https:\/\/www.solidariteprotestante.be\/nl\/projet-realise\/varkensfokkerijinitiatief-voor-kansarme-leden-van-de-kinderkerk-in-ndoungue-2\/","og_site_name":"Solidarit\u00e9 Protestante","article_modified_time":"2026-04-20T08:37:08+00:00","og_image":[{"width":600,"height":600,"url":"https:\/\/www.solidariteprotestante.be\/wp-content\/uploads\/2025\/08\/elevage-de-porcs-rwanda.webp","type":"image\/webp"}],"twitter_card":"summary_large_image","twitter_misc":{"Geschatte leestijd":"1 minuut"},"schema":{"@context":"https:\/\/schema.org","@graph":[{"@type":"WebPage","@id":"https:\/\/www.solidariteprotestante.be\/nl\/projet-realise\/varkensfokkerijinitiatief-voor-kansarme-leden-van-de-kinderkerk-in-ndoungue-2\/","url":"https:\/\/www.solidariteprotestante.be\/nl\/projet-realise\/varkensfokkerijinitiatief-voor-kansarme-leden-van-de-kinderkerk-in-ndoungue-2\/","name":"Varkensfokkerijinitiatief voor kansarme leden van de EEC-gemeente van Babouantou, departement Haut-Nkam, Westelijke provincie in Kameroen - Solidarit\u00e9 Protestante","isPartOf":{"@id":"https:\/\/www.solidariteprotestante.be\/nl\/#website"},"primaryImageOfPage":{"@id":"https:\/\/www.solidariteprotestante.be\/nl\/projet-realise\/varkensfokkerijinitiatief-voor-kansarme-leden-van-de-kinderkerk-in-ndoungue-2\/#primaryimage"},"image":{"@id":"https:\/\/www.solidariteprotestante.be\/nl\/projet-realise\/varkensfokkerijinitiatief-voor-kansarme-leden-van-de-kinderkerk-in-ndoungue-2\/#primaryimage"},"thumbnailUrl":"https:\/\/www.solidariteprotestante.be\/wp-content\/uploads\/2025\/08\/elevage-de-porcs-rwanda.webp","datePublished":"2026-04-20T08:29:50+00:00","dateModified":"2026-04-20T08:37:08+00:00","breadcrumb":{"@id":"https:\/\/www.solidariteprotestante.be\/nl\/projet-realise\/varkensfokkerijinitiatief-voor-kansarme-leden-van-de-kinderkerk-in-ndoungue-2\/#breadcrumb"},"inLanguage":"nl-NL","potentialAction":[{"@type":"ReadAction","target":["https:\/\/www.solidariteprotestante.be\/nl\/projet-realise\/varkensfokkerijinitiatief-voor-kansarme-leden-van-de-kinderkerk-in-ndoungue-2\/"]}]},{"@type":"ImageObject","inLanguage":"nl-NL","@id":"https:\/\/www.solidariteprotestante.be\/nl\/projet-realise\/varkensfokkerijinitiatief-voor-kansarme-leden-van-de-kinderkerk-in-ndoungue-2\/#primaryimage","url":"https:\/\/www.solidariteprotestante.be\/wp-content\/uploads\/2025\/08\/elevage-de-porcs-rwanda.webp","contentUrl":"https:\/\/www.solidariteprotestante.be\/wp-content\/uploads\/2025\/08\/elevage-de-porcs-rwanda.webp","width":600,"height":600,"caption":"Varkenshouderijproject in 85 gezinnen in Rwanda"},{"@type":"BreadcrumbList","@id":"https:\/\/www.solidariteprotestante.be\/nl\/projet-realise\/varkensfokkerijinitiatief-voor-kansarme-leden-van-de-kinderkerk-in-ndoungue-2\/#breadcrumb","itemListElement":[{"@type":"ListItem","position":1,"name":"Startpagina","item":"https:\/\/www.solidariteprotestante.be\/nl\/"},{"@type":"ListItem","position":2,"name":"Lopende Projecten","item":"https:\/\/www.solidariteprotestante.be\/nl\/lopende-projecten\/"},{"@type":"ListItem","position":3,"name":"Varkensfokkerijinitiatief voor kansarme leden van de EEC-gemeente van Babouantou, departement Haut-Nkam, Westelijke provincie in Kameroen"}]},{"@type":"WebSite","@id":"https:\/\/www.solidariteprotestante.be\/nl\/#website","url":"https:\/\/www.solidariteprotestante.be\/nl\/","name":"Solidarit\u00e9 Protestante","description":"","potentialAction":[{"@type":"SearchAction","target":{"@type":"EntryPoint","urlTemplate":"https:\/\/www.solidariteprotestante.be\/nl\/?s={search_term_string}"},"query-input":{"@type":"PropertyValueSpecification","valueRequired":true,"valueName":"search_term_string"}}],"inLanguage":"nl-NL"}]}},"_links":{"self":[{"href":"https:\/\/www.solidariteprotestante.be\/nl\/wp-json\/wp\/v2\/product\/11070","targetHints":{"allow":["GET"]}}],"collection":[{"href":"https:\/\/www.solidariteprotestante.be\/nl\/wp-json\/wp\/v2\/product"}],"about":[{"href":"https:\/\/www.solidariteprotestante.be\/nl\/wp-json\/wp\/v2\/types\/product"}],"wp:featuredmedia":[{"embeddable":true,"href":"https:\/\/www.solidariteprotestante.be\/nl\/wp-json\/wp\/v2\/media\/10722"}],"wp:attachment":[{"href":"https:\/\/www.solidariteprotestante.be\/nl\/wp-json\/wp\/v2\/media?parent=11070"}],"wp:term":[{"taxonomy":"product_brand","embeddable":true,"href":"https:\/\/www.solidariteprotestante.be\/nl\/wp-json\/wp\/v2\/product_brand?post=11070"},{"taxonomy":"product_cat","embeddable":true,"href":"https:\/\/www.solidariteprotestante.be\/nl\/wp-json\/wp\/v2\/product_cat?post=11070"},{"taxonomy":"product_tag","embeddable":true,"href":"https:\/\/www.solidariteprotestante.be\/nl\/wp-json\/wp\/v2\/product_tag?post=11070"}],"curies":[{"name":"wp","href":"https:\/\/api.w.org\/{rel}","templated":true}]}}