{"id":10737,"date":"2025-08-12T06:47:45","date_gmt":"2025-08-12T06:47:45","guid":{"rendered":"https:\/\/www.solidariteprotestante.be\/projet-realise\/bevordering-van-seksuele-en-reproductieve-gezondheid-van-de-bevolking-in-noord-kivu-in-de-democratische-republiek-congo\/"},"modified":"2025-12-08T09:43:56","modified_gmt":"2025-12-08T09:43:56","slug":"bevordering-van-seksuele-en-reproductieve-gezondheid-van-de-bevolking-in-noord-kivu-in-de-democratische-republiek-congo","status":"publish","type":"product","link":"https:\/\/www.solidariteprotestante.be\/nl\/projet-realise\/bevordering-van-seksuele-en-reproductieve-gezondheid-van-de-bevolking-in-noord-kivu-in-de-democratische-republiek-congo\/","title":{"rendered":"Bevordering van seksuele en reproductieve gezondheid van de bevolking in Noord-Kivu in de Democratische Republiek Congo"},"content":{"rendered":"<p><\/p>\n","protected":false},"excerpt":{"rendered":"<p>Dit project, uitgevoerd in samenwerking met het Departement de la Sant\u00e9 van de Communaut\u00e9 Baptiste au Centre de l'Afrique (CBCA\/SANT\u00c9) en gefinancierd door Otto per Mille\/Tavola Valdese, wil de moeder- en kindergezondheid verbeteren, seksuele voorlichting voor jongeren versterken en deze diensten integreren in gezondheidscentra, met als ultieme doel de toegang tot seksuele en reproductieve gezondheidszorg voor de vruchtbare bevolking in Noord-Kivu te waarborgen.<\/p>\n<p>De activiteiten bestaan uit het opleiden van zorgverleners, het sensibiliseren van de lokale gemeenschap over gezinsplanning om vroege en ongewenste zwangerschappen te voorkomen, en het bewustmaken van lokale opiniemakers en autoriteiten over de culturele factoren die seksuele en reproductieve gezondheid be\u00efnvloeden.<\/p>\n<p>Daarnaast voorziet het project in de levering van medicijnen aan gezondheidscentra, het organiseren van vrijwillige hiv-screening en preventie, het aanbieden van medische en psychosociale zorg voor mensen met hiv, preventie van hiv-overdracht van moeder op kind, en het organiseren van pre- en postnatale consultaties.<\/p>\n<p>De economische zelfredzaamheid van hiv-positieve moeders wordt versterkt door het opzetten van inkomstengenererende activiteiten. Ten slotte omvat het project de opleiding van jeugdwerkers in seksuele en reproductieve gezondheid, het uitrusten van informatieruimtes voor jongeren en het organiseren van gerichte bewustmakingssessies voor de jeugd.<\/p>\n<p><strong>Het jaarlijkse budget voor dit project, volledig gefinancierd door Otto per Mille\/Tavola Valdese, bedraagt \u20ac 30.000.<\/strong><\/p>\n<p>Als u dit specifieke project wilt steunen: <\/p>\n<p><strong>Doe een donatie: BE37 0680 6690 1028 \u2013 mededeling: HIV \u2013 CBCA Sante<\/strong><\/p>\n","protected":false},"featured_media":10739,"template":"","meta":[],"product_brand":[],"product_cat":[118],"product_tag":[122],"class_list":{"0":"post-10737","1":"product","2":"type-product","3":"status-publish","4":"has-post-thumbnail","6":"product_cat-gezondheid","7":"product_tag-drc","9":"first","10":"instock","11":"shipping-taxable","12":"product-type-simple"},"yoast_head":"<!-- This site is optimized with the Yoast SEO plugin v27.5 - https:\/\/yoast.com\/product\/yoast-seo-wordpress\/ -->\n<title>Bevordering van seksuele en reproductieve gezondheid van de bevolking in Noord-Kivu in de Democratische Republiek Congo - Solidarit\u00e9 Protestante<\/title>\n<meta name=\"robots\" content=\"index, follow, max-snippet:-1, max-image-preview:large, max-video-preview:-1\" \/>\n<link rel=\"canonical\" href=\"https:\/\/www.solidariteprotestante.be\/nl\/projet-realise\/bevordering-van-seksuele-en-reproductieve-gezondheid-van-de-bevolking-in-noord-kivu-in-de-democratische-republiek-congo\/\" \/>\n<meta property=\"og:locale\" content=\"nl_NL\" \/>\n<meta property=\"og:type\" content=\"article\" \/>\n<meta property=\"og:title\" content=\"Bevordering van seksuele en reproductieve gezondheid van de bevolking in Noord-Kivu in de Democratische Republiek Congo - Solidarit\u00e9 Protestante\" \/>\n<meta property=\"og:description\" content=\"Dit project, uitgevoerd in samenwerking met het Departement de la Sant\u00e9 van de Communaut\u00e9 Baptiste au Centre de l&#039;Afrique (CBCA\/SANT\u00c9) en gefinancierd door Otto per Mille\/Tavola Valdese, wil de moeder- en kindergezondheid verbeteren, seksuele voorlichting voor jongeren versterken en deze diensten integreren in gezondheidscentra, met als ultieme doel de toegang tot seksuele en reproductieve gezondheidszorg voor de vruchtbare bevolking in Noord-Kivu te waarborgen.  De activiteiten bestaan uit het opleiden van zorgverleners, het sensibiliseren van de lokale gemeenschap over gezinsplanning om vroege en ongewenste zwangerschappen te voorkomen, en het bewustmaken van lokale opiniemakers en autoriteiten over de culturele factoren die seksuele en reproductieve gezondheid be\u00efnvloeden.  Daarnaast voorziet het project in de levering van medicijnen aan gezondheidscentra, het organiseren van vrijwillige hiv-screening en preventie, het aanbieden van medische en psychosociale zorg voor mensen met hiv, preventie van hiv-overdracht van moeder op kind, en het organiseren van pre- en postnatale consultaties.  De economische zelfredzaamheid van hiv-positieve moeders wordt versterkt door het opzetten van inkomstengenererende activiteiten. Ten slotte omvat het project de opleiding van jeugdwerkers in seksuele en reproductieve gezondheid, het uitrusten van informatieruimtes voor jongeren en het organiseren van gerichte bewustmakingssessies voor de jeugd.  Het jaarlijkse budget voor dit project, volledig gefinancierd door Otto per Mille\/Tavola Valdese, bedraagt \u20ac 30.000.  Als u dit specifieke project wilt steunen:   Doe een donatie: BE37 0680 6690 1028 \u2013 mededeling: HIV \u2013 CBCA Sante\" \/>\n<meta property=\"og:url\" content=\"https:\/\/www.solidariteprotestante.be\/nl\/projet-realise\/bevordering-van-seksuele-en-reproductieve-gezondheid-van-de-bevolking-in-noord-kivu-in-de-democratische-republiek-congo\/\" \/>\n<meta property=\"og:site_name\" content=\"Solidarit\u00e9 Protestante\" \/>\n<meta property=\"article:modified_time\" content=\"2025-12-08T09:43:56+00:00\" \/>\n<meta property=\"og:image\" content=\"https:\/\/www.solidariteprotestante.be\/wp-content\/uploads\/2025\/08\/centre-hospitalier-cbca.webp\" \/>\n\t<meta property=\"og:image:width\" content=\"600\" \/>\n\t<meta property=\"og:image:height\" content=\"600\" \/>\n\t<meta property=\"og:image:type\" content=\"image\/webp\" \/>\n<meta name=\"twitter:card\" content=\"summary_large_image\" \/>\n<meta name=\"twitter:label1\" content=\"Geschatte leestijd\" \/>\n\t<meta name=\"twitter:data1\" content=\"1 minuut\" \/>\n<script type=\"application\/ld+json\" class=\"yoast-schema-graph\">{\"@context\":\"https:\\\/\\\/schema.org\",\"@graph\":[{\"@type\":\"WebPage\",\"@id\":\"https:\\\/\\\/www.solidariteprotestante.be\\\/nl\\\/projet-realise\\\/bevordering-van-seksuele-en-reproductieve-gezondheid-van-de-bevolking-in-noord-kivu-in-de-democratische-republiek-congo\\\/\",\"url\":\"https:\\\/\\\/www.solidariteprotestante.be\\\/nl\\\/projet-realise\\\/bevordering-van-seksuele-en-reproductieve-gezondheid-van-de-bevolking-in-noord-kivu-in-de-democratische-republiek-congo\\\/\",\"name\":\"Bevordering van seksuele en reproductieve gezondheid van de bevolking in Noord-Kivu in de Democratische Republiek Congo - Solidarit\u00e9 Protestante\",\"isPartOf\":{\"@id\":\"https:\\\/\\\/www.solidariteprotestante.be\\\/nl\\\/#website\"},\"primaryImageOfPage\":{\"@id\":\"https:\\\/\\\/www.solidariteprotestante.be\\\/nl\\\/projet-realise\\\/bevordering-van-seksuele-en-reproductieve-gezondheid-van-de-bevolking-in-noord-kivu-in-de-democratische-republiek-congo\\\/#primaryimage\"},\"image\":{\"@id\":\"https:\\\/\\\/www.solidariteprotestante.be\\\/nl\\\/projet-realise\\\/bevordering-van-seksuele-en-reproductieve-gezondheid-van-de-bevolking-in-noord-kivu-in-de-democratische-republiek-congo\\\/#primaryimage\"},\"thumbnailUrl\":\"https:\\\/\\\/www.solidariteprotestante.be\\\/wp-content\\\/uploads\\\/2025\\\/08\\\/centre-hospitalier-cbca.webp\",\"datePublished\":\"2025-08-12T06:47:45+00:00\",\"dateModified\":\"2025-12-08T09:43:56+00:00\",\"breadcrumb\":{\"@id\":\"https:\\\/\\\/www.solidariteprotestante.be\\\/nl\\\/projet-realise\\\/bevordering-van-seksuele-en-reproductieve-gezondheid-van-de-bevolking-in-noord-kivu-in-de-democratische-republiek-congo\\\/#breadcrumb\"},\"inLanguage\":\"nl-NL\",\"potentialAction\":[{\"@type\":\"ReadAction\",\"target\":[\"https:\\\/\\\/www.solidariteprotestante.be\\\/nl\\\/projet-realise\\\/bevordering-van-seksuele-en-reproductieve-gezondheid-van-de-bevolking-in-noord-kivu-in-de-democratische-republiek-congo\\\/\"]}]},{\"@type\":\"ImageObject\",\"inLanguage\":\"nl-NL\",\"@id\":\"https:\\\/\\\/www.solidariteprotestante.be\\\/nl\\\/projet-realise\\\/bevordering-van-seksuele-en-reproductieve-gezondheid-van-de-bevolking-in-noord-kivu-in-de-democratische-republiek-congo\\\/#primaryimage\",\"url\":\"https:\\\/\\\/www.solidariteprotestante.be\\\/wp-content\\\/uploads\\\/2025\\\/08\\\/centre-hospitalier-cbca.webp\",\"contentUrl\":\"https:\\\/\\\/www.solidariteprotestante.be\\\/wp-content\\\/uploads\\\/2025\\\/08\\\/centre-hospitalier-cbca.webp\",\"width\":600,\"height\":600,\"caption\":\"Centre hospitalier C.B.C.A\"},{\"@type\":\"BreadcrumbList\",\"@id\":\"https:\\\/\\\/www.solidariteprotestante.be\\\/nl\\\/projet-realise\\\/bevordering-van-seksuele-en-reproductieve-gezondheid-van-de-bevolking-in-noord-kivu-in-de-democratische-republiek-congo\\\/#breadcrumb\",\"itemListElement\":[{\"@type\":\"ListItem\",\"position\":1,\"name\":\"Startpagina\",\"item\":\"https:\\\/\\\/www.solidariteprotestante.be\\\/nl\\\/\"},{\"@type\":\"ListItem\",\"position\":2,\"name\":\"Lopende Projecten\",\"item\":\"https:\\\/\\\/www.solidariteprotestante.be\\\/nl\\\/lopende-projecten\\\/\"},{\"@type\":\"ListItem\",\"position\":3,\"name\":\"Bevordering van seksuele en reproductieve gezondheid van de bevolking in Noord-Kivu in de Democratische Republiek Congo\"}]},{\"@type\":\"WebSite\",\"@id\":\"https:\\\/\\\/www.solidariteprotestante.be\\\/nl\\\/#website\",\"url\":\"https:\\\/\\\/www.solidariteprotestante.be\\\/nl\\\/\",\"name\":\"Solidarit\u00e9 Protestante\",\"description\":\"\",\"potentialAction\":[{\"@type\":\"SearchAction\",\"target\":{\"@type\":\"EntryPoint\",\"urlTemplate\":\"https:\\\/\\\/www.solidariteprotestante.be\\\/nl\\\/?s={search_term_string}\"},\"query-input\":{\"@type\":\"PropertyValueSpecification\",\"valueRequired\":true,\"valueName\":\"search_term_string\"}}],\"inLanguage\":\"nl-NL\"}]}<\/script>\n<!-- \/ Yoast SEO plugin. -->","yoast_head_json":{"title":"Bevordering van seksuele en reproductieve gezondheid van de bevolking in Noord-Kivu in de Democratische Republiek Congo - Solidarit\u00e9 Protestante","robots":{"index":"index","follow":"follow","max-snippet":"max-snippet:-1","max-image-preview":"max-image-preview:large","max-video-preview":"max-video-preview:-1"},"canonical":"https:\/\/www.solidariteprotestante.be\/nl\/projet-realise\/bevordering-van-seksuele-en-reproductieve-gezondheid-van-de-bevolking-in-noord-kivu-in-de-democratische-republiek-congo\/","og_locale":"nl_NL","og_type":"article","og_title":"Bevordering van seksuele en reproductieve gezondheid van de bevolking in Noord-Kivu in de Democratische Republiek Congo - Solidarit\u00e9 Protestante","og_description":"Dit project, uitgevoerd in samenwerking met het Departement de la Sant\u00e9 van de Communaut\u00e9 Baptiste au Centre de l'Afrique (CBCA\/SANT\u00c9) en gefinancierd door Otto per Mille\/Tavola Valdese, wil de moeder- en kindergezondheid verbeteren, seksuele voorlichting voor jongeren versterken en deze diensten integreren in gezondheidscentra, met als ultieme doel de toegang tot seksuele en reproductieve gezondheidszorg voor de vruchtbare bevolking in Noord-Kivu te waarborgen.  De activiteiten bestaan uit het opleiden van zorgverleners, het sensibiliseren van de lokale gemeenschap over gezinsplanning om vroege en ongewenste zwangerschappen te voorkomen, en het bewustmaken van lokale opiniemakers en autoriteiten over de culturele factoren die seksuele en reproductieve gezondheid be\u00efnvloeden.  Daarnaast voorziet het project in de levering van medicijnen aan gezondheidscentra, het organiseren van vrijwillige hiv-screening en preventie, het aanbieden van medische en psychosociale zorg voor mensen met hiv, preventie van hiv-overdracht van moeder op kind, en het organiseren van pre- en postnatale consultaties.  De economische zelfredzaamheid van hiv-positieve moeders wordt versterkt door het opzetten van inkomstengenererende activiteiten. Ten slotte omvat het project de opleiding van jeugdwerkers in seksuele en reproductieve gezondheid, het uitrusten van informatieruimtes voor jongeren en het organiseren van gerichte bewustmakingssessies voor de jeugd.  Het jaarlijkse budget voor dit project, volledig gefinancierd door Otto per Mille\/Tavola Valdese, bedraagt \u20ac 30.000.  Als u dit specifieke project wilt steunen:   Doe een donatie: BE37 0680 6690 1028 \u2013 mededeling: HIV \u2013 CBCA Sante","og_url":"https:\/\/www.solidariteprotestante.be\/nl\/projet-realise\/bevordering-van-seksuele-en-reproductieve-gezondheid-van-de-bevolking-in-noord-kivu-in-de-democratische-republiek-congo\/","og_site_name":"Solidarit\u00e9 Protestante","article_modified_time":"2025-12-08T09:43:56+00:00","og_image":[{"width":600,"height":600,"url":"https:\/\/www.solidariteprotestante.be\/wp-content\/uploads\/2025\/08\/centre-hospitalier-cbca.webp","type":"image\/webp"}],"twitter_card":"summary_large_image","twitter_misc":{"Geschatte leestijd":"1 minuut"},"schema":{"@context":"https:\/\/schema.org","@graph":[{"@type":"WebPage","@id":"https:\/\/www.solidariteprotestante.be\/nl\/projet-realise\/bevordering-van-seksuele-en-reproductieve-gezondheid-van-de-bevolking-in-noord-kivu-in-de-democratische-republiek-congo\/","url":"https:\/\/www.solidariteprotestante.be\/nl\/projet-realise\/bevordering-van-seksuele-en-reproductieve-gezondheid-van-de-bevolking-in-noord-kivu-in-de-democratische-republiek-congo\/","name":"Bevordering van seksuele en reproductieve gezondheid van de bevolking in Noord-Kivu in de Democratische Republiek Congo - Solidarit\u00e9 Protestante","isPartOf":{"@id":"https:\/\/www.solidariteprotestante.be\/nl\/#website"},"primaryImageOfPage":{"@id":"https:\/\/www.solidariteprotestante.be\/nl\/projet-realise\/bevordering-van-seksuele-en-reproductieve-gezondheid-van-de-bevolking-in-noord-kivu-in-de-democratische-republiek-congo\/#primaryimage"},"image":{"@id":"https:\/\/www.solidariteprotestante.be\/nl\/projet-realise\/bevordering-van-seksuele-en-reproductieve-gezondheid-van-de-bevolking-in-noord-kivu-in-de-democratische-republiek-congo\/#primaryimage"},"thumbnailUrl":"https:\/\/www.solidariteprotestante.be\/wp-content\/uploads\/2025\/08\/centre-hospitalier-cbca.webp","datePublished":"2025-08-12T06:47:45+00:00","dateModified":"2025-12-08T09:43:56+00:00","breadcrumb":{"@id":"https:\/\/www.solidariteprotestante.be\/nl\/projet-realise\/bevordering-van-seksuele-en-reproductieve-gezondheid-van-de-bevolking-in-noord-kivu-in-de-democratische-republiek-congo\/#breadcrumb"},"inLanguage":"nl-NL","potentialAction":[{"@type":"ReadAction","target":["https:\/\/www.solidariteprotestante.be\/nl\/projet-realise\/bevordering-van-seksuele-en-reproductieve-gezondheid-van-de-bevolking-in-noord-kivu-in-de-democratische-republiek-congo\/"]}]},{"@type":"ImageObject","inLanguage":"nl-NL","@id":"https:\/\/www.solidariteprotestante.be\/nl\/projet-realise\/bevordering-van-seksuele-en-reproductieve-gezondheid-van-de-bevolking-in-noord-kivu-in-de-democratische-republiek-congo\/#primaryimage","url":"https:\/\/www.solidariteprotestante.be\/wp-content\/uploads\/2025\/08\/centre-hospitalier-cbca.webp","contentUrl":"https:\/\/www.solidariteprotestante.be\/wp-content\/uploads\/2025\/08\/centre-hospitalier-cbca.webp","width":600,"height":600,"caption":"Centre hospitalier C.B.C.A"},{"@type":"BreadcrumbList","@id":"https:\/\/www.solidariteprotestante.be\/nl\/projet-realise\/bevordering-van-seksuele-en-reproductieve-gezondheid-van-de-bevolking-in-noord-kivu-in-de-democratische-republiek-congo\/#breadcrumb","itemListElement":[{"@type":"ListItem","position":1,"name":"Startpagina","item":"https:\/\/www.solidariteprotestante.be\/nl\/"},{"@type":"ListItem","position":2,"name":"Lopende Projecten","item":"https:\/\/www.solidariteprotestante.be\/nl\/lopende-projecten\/"},{"@type":"ListItem","position":3,"name":"Bevordering van seksuele en reproductieve gezondheid van de bevolking in Noord-Kivu in de Democratische Republiek Congo"}]},{"@type":"WebSite","@id":"https:\/\/www.solidariteprotestante.be\/nl\/#website","url":"https:\/\/www.solidariteprotestante.be\/nl\/","name":"Solidarit\u00e9 Protestante","description":"","potentialAction":[{"@type":"SearchAction","target":{"@type":"EntryPoint","urlTemplate":"https:\/\/www.solidariteprotestante.be\/nl\/?s={search_term_string}"},"query-input":{"@type":"PropertyValueSpecification","valueRequired":true,"valueName":"search_term_string"}}],"inLanguage":"nl-NL"}]}},"_links":{"self":[{"href":"https:\/\/www.solidariteprotestante.be\/nl\/wp-json\/wp\/v2\/product\/10737","targetHints":{"allow":["GET"]}}],"collection":[{"href":"https:\/\/www.solidariteprotestante.be\/nl\/wp-json\/wp\/v2\/product"}],"about":[{"href":"https:\/\/www.solidariteprotestante.be\/nl\/wp-json\/wp\/v2\/types\/product"}],"wp:featuredmedia":[{"embeddable":true,"href":"https:\/\/www.solidariteprotestante.be\/nl\/wp-json\/wp\/v2\/media\/10739"}],"wp:attachment":[{"href":"https:\/\/www.solidariteprotestante.be\/nl\/wp-json\/wp\/v2\/media?parent=10737"}],"wp:term":[{"taxonomy":"product_brand","embeddable":true,"href":"https:\/\/www.solidariteprotestante.be\/nl\/wp-json\/wp\/v2\/product_brand?post=10737"},{"taxonomy":"product_cat","embeddable":true,"href":"https:\/\/www.solidariteprotestante.be\/nl\/wp-json\/wp\/v2\/product_cat?post=10737"},{"taxonomy":"product_tag","embeddable":true,"href":"https:\/\/www.solidariteprotestante.be\/nl\/wp-json\/wp\/v2\/product_tag?post=10737"}],"curies":[{"name":"wp","href":"https:\/\/api.w.org\/{rel}","templated":true}]}}