{"id":10733,"date":"2025-08-12T07:04:19","date_gmt":"2025-08-12T07:04:19","guid":{"rendered":"https:\/\/www.solidariteprotestante.be\/projet-realise\/bijdrage-aan-de-nationale-respons-op-hiv-en-hepatitis-b-tubashigikire-in-burundi\/"},"modified":"2025-12-08T09:46:53","modified_gmt":"2025-12-08T09:46:53","slug":"bijdrage-aan-de-nationale-respons-op-hiv-en-hepatitis-b-tubashigikire-in-burundi","status":"publish","type":"product","link":"https:\/\/www.solidariteprotestante.be\/nl\/projet-realise\/bijdrage-aan-de-nationale-respons-op-hiv-en-hepatitis-b-tubashigikire-in-burundi\/","title":{"rendered":"Bijdrage aan de nationale strijd tegen hiv en hepatitis B \"TUBASHIGIKIRE\" in Burundi"},"content":{"rendered":"<p><\/p>\n","protected":false},"excerpt":{"rendered":"<p>Dit project, uitgevoerd in samenwerking met de Communaut\u00e9 des Eglises de Pentec\u00f4te au Burundi (CEPBU) en gefinancierd door Otto per Mille\/Tavola Valdese, versterkt de nationale strijd tegen hiv en hepatitis B. Het hoofddoel is de gezondheid te verbeteren van mensen die met hiv\/aids en\/of hepatitis B leven, via 34 gezondheidscentra.<\/p>\n<p>De activiteiten bestaan uit het opleiden van zorgverleners in beste praktijken voor ge\u00efndexeerde hiv-testafnames en holistische zorg, gevolgd door vrijwillige en ge\u00efndexeerde hiv-tests, hepatitis B-screening, en medische opvolging en psychologische begeleiding van mensen die met hiv leven, inclusief de levering van medicatie tegen opportunistische infecties aan de centra.<\/p>\n<p>Daarnaast worden bewustmakingssessies georganiseerd voor zwangere vrouwen over hiv-en hepatitis B-besmetting tijdens pre- en postnatale consultaties.<\/p>\n<p>Ten slotte voorziet het project in de uitreiking van ziektekostenverzekerings- en ambulancekaarten aan pati\u00ebnten, de vaccinatie van kinderen van moeders die drager zijn van het hepatitis B-virus, en onderwijsondersteuning voor wezen en kwetsbare kinderen getroffen door hiv.<\/p>\n<p><strong>Het jaarlijkse budget voor dit project, volledig gefinancierd door Otto per Mille\/Tavola Valdese, bedraagt \u20ac45.000.<\/strong><\/p>\n<p>Als u dit specifieke project wilt steunen:<\/p>\n<p><strong>Doe een donatie: BE37 0680 6690 1028 \u2013 mededeling: HIV \u2013 CEPBU<br \/>\nCategorie:\u00a0Gezondheid<\/strong><\/p>\n","protected":false},"featured_media":10735,"template":"","meta":[],"product_brand":[],"product_cat":[118],"product_tag":[112],"class_list":{"0":"post-10733","1":"product","2":"type-product","3":"status-publish","4":"has-post-thumbnail","6":"product_cat-gezondheid","7":"product_tag-burundi","9":"first","10":"instock","11":"shipping-taxable","12":"product-type-simple"},"yoast_head":"<!-- This site is optimized with the Yoast SEO plugin v27.5 - https:\/\/yoast.com\/product\/yoast-seo-wordpress\/ -->\n<title>Bijdrage aan de nationale strijd tegen hiv en hepatitis B &quot;TUBASHIGIKIRE&quot; in Burundi - Solidarit\u00e9 Protestante<\/title>\n<meta name=\"robots\" content=\"index, follow, max-snippet:-1, max-image-preview:large, max-video-preview:-1\" \/>\n<link rel=\"canonical\" href=\"https:\/\/www.solidariteprotestante.be\/nl\/projet-realise\/bijdrage-aan-de-nationale-respons-op-hiv-en-hepatitis-b-tubashigikire-in-burundi\/\" \/>\n<meta property=\"og:locale\" content=\"nl_NL\" \/>\n<meta property=\"og:type\" content=\"article\" \/>\n<meta property=\"og:title\" content=\"Bijdrage aan de nationale strijd tegen hiv en hepatitis B &quot;TUBASHIGIKIRE&quot; in Burundi - Solidarit\u00e9 Protestante\" \/>\n<meta property=\"og:description\" content=\"Dit project, uitgevoerd in samenwerking met de Communaut\u00e9 des Eglises de Pentec\u00f4te au Burundi (CEPBU) en gefinancierd door Otto per Mille\/Tavola Valdese, versterkt de nationale strijd tegen hiv en hepatitis B. Het hoofddoel is de gezondheid te verbeteren van mensen die met hiv\/aids en\/of hepatitis B leven, via 34 gezondheidscentra.  De activiteiten bestaan uit het opleiden van zorgverleners in beste praktijken voor ge\u00efndexeerde hiv-testafnames en holistische zorg, gevolgd door vrijwillige en ge\u00efndexeerde hiv-tests, hepatitis B-screening, en medische opvolging en psychologische begeleiding van mensen die met hiv leven, inclusief de levering van medicatie tegen opportunistische infecties aan de centra.  Daarnaast worden bewustmakingssessies georganiseerd voor zwangere vrouwen over hiv-en hepatitis B-besmetting tijdens pre- en postnatale consultaties.  Ten slotte voorziet het project in de uitreiking van ziektekostenverzekerings- en ambulancekaarten aan pati\u00ebnten, de vaccinatie van kinderen van moeders die drager zijn van het hepatitis B-virus, en onderwijsondersteuning voor wezen en kwetsbare kinderen getroffen door hiv.  Het jaarlijkse budget voor dit project, volledig gefinancierd door Otto per Mille\/Tavola Valdese, bedraagt \u20ac45.000.  Als u dit specifieke project wilt steunen:  Doe een donatie: BE37 0680 6690 1028 \u2013 mededeling: HIV \u2013 CEPBU  Categorie:\u00a0Gezondheid\" \/>\n<meta property=\"og:url\" content=\"https:\/\/www.solidariteprotestante.be\/nl\/projet-realise\/bijdrage-aan-de-nationale-respons-op-hiv-en-hepatitis-b-tubashigikire-in-burundi\/\" \/>\n<meta property=\"og:site_name\" content=\"Solidarit\u00e9 Protestante\" \/>\n<meta property=\"article:modified_time\" content=\"2025-12-08T09:46:53+00:00\" \/>\n<meta property=\"og:image\" content=\"https:\/\/www.solidariteprotestante.be\/wp-content\/uploads\/2025\/08\/riposte-nationale-du-VIH.webp\" \/>\n\t<meta property=\"og:image:width\" content=\"554\" \/>\n\t<meta property=\"og:image:height\" content=\"554\" \/>\n\t<meta property=\"og:image:type\" content=\"image\/webp\" \/>\n<meta name=\"twitter:card\" content=\"summary_large_image\" \/>\n<meta name=\"twitter:label1\" content=\"Geschatte leestijd\" \/>\n\t<meta name=\"twitter:data1\" content=\"1 minuut\" \/>\n<script type=\"application\/ld+json\" class=\"yoast-schema-graph\">{\"@context\":\"https:\\\/\\\/schema.org\",\"@graph\":[{\"@type\":\"WebPage\",\"@id\":\"https:\\\/\\\/www.solidariteprotestante.be\\\/nl\\\/projet-realise\\\/bijdrage-aan-de-nationale-respons-op-hiv-en-hepatitis-b-tubashigikire-in-burundi\\\/\",\"url\":\"https:\\\/\\\/www.solidariteprotestante.be\\\/nl\\\/projet-realise\\\/bijdrage-aan-de-nationale-respons-op-hiv-en-hepatitis-b-tubashigikire-in-burundi\\\/\",\"name\":\"Bijdrage aan de nationale strijd tegen hiv en hepatitis B \\\"TUBASHIGIKIRE\\\" in Burundi - Solidarit\u00e9 Protestante\",\"isPartOf\":{\"@id\":\"https:\\\/\\\/www.solidariteprotestante.be\\\/nl\\\/#website\"},\"primaryImageOfPage\":{\"@id\":\"https:\\\/\\\/www.solidariteprotestante.be\\\/nl\\\/projet-realise\\\/bijdrage-aan-de-nationale-respons-op-hiv-en-hepatitis-b-tubashigikire-in-burundi\\\/#primaryimage\"},\"image\":{\"@id\":\"https:\\\/\\\/www.solidariteprotestante.be\\\/nl\\\/projet-realise\\\/bijdrage-aan-de-nationale-respons-op-hiv-en-hepatitis-b-tubashigikire-in-burundi\\\/#primaryimage\"},\"thumbnailUrl\":\"https:\\\/\\\/www.solidariteprotestante.be\\\/wp-content\\\/uploads\\\/2025\\\/08\\\/riposte-nationale-du-VIH.webp\",\"datePublished\":\"2025-08-12T07:04:19+00:00\",\"dateModified\":\"2025-12-08T09:46:53+00:00\",\"breadcrumb\":{\"@id\":\"https:\\\/\\\/www.solidariteprotestante.be\\\/nl\\\/projet-realise\\\/bijdrage-aan-de-nationale-respons-op-hiv-en-hepatitis-b-tubashigikire-in-burundi\\\/#breadcrumb\"},\"inLanguage\":\"nl-NL\",\"potentialAction\":[{\"@type\":\"ReadAction\",\"target\":[\"https:\\\/\\\/www.solidariteprotestante.be\\\/nl\\\/projet-realise\\\/bijdrage-aan-de-nationale-respons-op-hiv-en-hepatitis-b-tubashigikire-in-burundi\\\/\"]}]},{\"@type\":\"ImageObject\",\"inLanguage\":\"nl-NL\",\"@id\":\"https:\\\/\\\/www.solidariteprotestante.be\\\/nl\\\/projet-realise\\\/bijdrage-aan-de-nationale-respons-op-hiv-en-hepatitis-b-tubashigikire-in-burundi\\\/#primaryimage\",\"url\":\"https:\\\/\\\/www.solidariteprotestante.be\\\/wp-content\\\/uploads\\\/2025\\\/08\\\/riposte-nationale-du-VIH.webp\",\"contentUrl\":\"https:\\\/\\\/www.solidariteprotestante.be\\\/wp-content\\\/uploads\\\/2025\\\/08\\\/riposte-nationale-du-VIH.webp\",\"width\":554,\"height\":554,\"caption\":\"Riposte nationale du VIH\"},{\"@type\":\"BreadcrumbList\",\"@id\":\"https:\\\/\\\/www.solidariteprotestante.be\\\/nl\\\/projet-realise\\\/bijdrage-aan-de-nationale-respons-op-hiv-en-hepatitis-b-tubashigikire-in-burundi\\\/#breadcrumb\",\"itemListElement\":[{\"@type\":\"ListItem\",\"position\":1,\"name\":\"Startpagina\",\"item\":\"https:\\\/\\\/www.solidariteprotestante.be\\\/nl\\\/\"},{\"@type\":\"ListItem\",\"position\":2,\"name\":\"Lopende Projecten\",\"item\":\"https:\\\/\\\/www.solidariteprotestante.be\\\/nl\\\/lopende-projecten\\\/\"},{\"@type\":\"ListItem\",\"position\":3,\"name\":\"Bijdrage aan de nationale strijd tegen hiv en hepatitis B \u00ab\u00a0TUBASHIGIKIRE\u00a0\u00bb in Burundi\"}]},{\"@type\":\"WebSite\",\"@id\":\"https:\\\/\\\/www.solidariteprotestante.be\\\/nl\\\/#website\",\"url\":\"https:\\\/\\\/www.solidariteprotestante.be\\\/nl\\\/\",\"name\":\"Solidarit\u00e9 Protestante\",\"description\":\"\",\"potentialAction\":[{\"@type\":\"SearchAction\",\"target\":{\"@type\":\"EntryPoint\",\"urlTemplate\":\"https:\\\/\\\/www.solidariteprotestante.be\\\/nl\\\/?s={search_term_string}\"},\"query-input\":{\"@type\":\"PropertyValueSpecification\",\"valueRequired\":true,\"valueName\":\"search_term_string\"}}],\"inLanguage\":\"nl-NL\"}]}<\/script>\n<!-- \/ Yoast SEO plugin. -->","yoast_head_json":{"title":"Bijdrage aan de nationale strijd tegen hiv en hepatitis B \"TUBASHIGIKIRE\" in Burundi - Solidarit\u00e9 Protestante","robots":{"index":"index","follow":"follow","max-snippet":"max-snippet:-1","max-image-preview":"max-image-preview:large","max-video-preview":"max-video-preview:-1"},"canonical":"https:\/\/www.solidariteprotestante.be\/nl\/projet-realise\/bijdrage-aan-de-nationale-respons-op-hiv-en-hepatitis-b-tubashigikire-in-burundi\/","og_locale":"nl_NL","og_type":"article","og_title":"Bijdrage aan de nationale strijd tegen hiv en hepatitis B \"TUBASHIGIKIRE\" in Burundi - Solidarit\u00e9 Protestante","og_description":"Dit project, uitgevoerd in samenwerking met de Communaut\u00e9 des Eglises de Pentec\u00f4te au Burundi (CEPBU) en gefinancierd door Otto per Mille\/Tavola Valdese, versterkt de nationale strijd tegen hiv en hepatitis B. Het hoofddoel is de gezondheid te verbeteren van mensen die met hiv\/aids en\/of hepatitis B leven, via 34 gezondheidscentra.  De activiteiten bestaan uit het opleiden van zorgverleners in beste praktijken voor ge\u00efndexeerde hiv-testafnames en holistische zorg, gevolgd door vrijwillige en ge\u00efndexeerde hiv-tests, hepatitis B-screening, en medische opvolging en psychologische begeleiding van mensen die met hiv leven, inclusief de levering van medicatie tegen opportunistische infecties aan de centra.  Daarnaast worden bewustmakingssessies georganiseerd voor zwangere vrouwen over hiv-en hepatitis B-besmetting tijdens pre- en postnatale consultaties.  Ten slotte voorziet het project in de uitreiking van ziektekostenverzekerings- en ambulancekaarten aan pati\u00ebnten, de vaccinatie van kinderen van moeders die drager zijn van het hepatitis B-virus, en onderwijsondersteuning voor wezen en kwetsbare kinderen getroffen door hiv.  Het jaarlijkse budget voor dit project, volledig gefinancierd door Otto per Mille\/Tavola Valdese, bedraagt \u20ac45.000.  Als u dit specifieke project wilt steunen:  Doe een donatie: BE37 0680 6690 1028 \u2013 mededeling: HIV \u2013 CEPBU  Categorie:\u00a0Gezondheid","og_url":"https:\/\/www.solidariteprotestante.be\/nl\/projet-realise\/bijdrage-aan-de-nationale-respons-op-hiv-en-hepatitis-b-tubashigikire-in-burundi\/","og_site_name":"Solidarit\u00e9 Protestante","article_modified_time":"2025-12-08T09:46:53+00:00","og_image":[{"width":554,"height":554,"url":"https:\/\/www.solidariteprotestante.be\/wp-content\/uploads\/2025\/08\/riposte-nationale-du-VIH.webp","type":"image\/webp"}],"twitter_card":"summary_large_image","twitter_misc":{"Geschatte leestijd":"1 minuut"},"schema":{"@context":"https:\/\/schema.org","@graph":[{"@type":"WebPage","@id":"https:\/\/www.solidariteprotestante.be\/nl\/projet-realise\/bijdrage-aan-de-nationale-respons-op-hiv-en-hepatitis-b-tubashigikire-in-burundi\/","url":"https:\/\/www.solidariteprotestante.be\/nl\/projet-realise\/bijdrage-aan-de-nationale-respons-op-hiv-en-hepatitis-b-tubashigikire-in-burundi\/","name":"Bijdrage aan de nationale strijd tegen hiv en hepatitis B \"TUBASHIGIKIRE\" in Burundi - Solidarit\u00e9 Protestante","isPartOf":{"@id":"https:\/\/www.solidariteprotestante.be\/nl\/#website"},"primaryImageOfPage":{"@id":"https:\/\/www.solidariteprotestante.be\/nl\/projet-realise\/bijdrage-aan-de-nationale-respons-op-hiv-en-hepatitis-b-tubashigikire-in-burundi\/#primaryimage"},"image":{"@id":"https:\/\/www.solidariteprotestante.be\/nl\/projet-realise\/bijdrage-aan-de-nationale-respons-op-hiv-en-hepatitis-b-tubashigikire-in-burundi\/#primaryimage"},"thumbnailUrl":"https:\/\/www.solidariteprotestante.be\/wp-content\/uploads\/2025\/08\/riposte-nationale-du-VIH.webp","datePublished":"2025-08-12T07:04:19+00:00","dateModified":"2025-12-08T09:46:53+00:00","breadcrumb":{"@id":"https:\/\/www.solidariteprotestante.be\/nl\/projet-realise\/bijdrage-aan-de-nationale-respons-op-hiv-en-hepatitis-b-tubashigikire-in-burundi\/#breadcrumb"},"inLanguage":"nl-NL","potentialAction":[{"@type":"ReadAction","target":["https:\/\/www.solidariteprotestante.be\/nl\/projet-realise\/bijdrage-aan-de-nationale-respons-op-hiv-en-hepatitis-b-tubashigikire-in-burundi\/"]}]},{"@type":"ImageObject","inLanguage":"nl-NL","@id":"https:\/\/www.solidariteprotestante.be\/nl\/projet-realise\/bijdrage-aan-de-nationale-respons-op-hiv-en-hepatitis-b-tubashigikire-in-burundi\/#primaryimage","url":"https:\/\/www.solidariteprotestante.be\/wp-content\/uploads\/2025\/08\/riposte-nationale-du-VIH.webp","contentUrl":"https:\/\/www.solidariteprotestante.be\/wp-content\/uploads\/2025\/08\/riposte-nationale-du-VIH.webp","width":554,"height":554,"caption":"Riposte nationale du VIH"},{"@type":"BreadcrumbList","@id":"https:\/\/www.solidariteprotestante.be\/nl\/projet-realise\/bijdrage-aan-de-nationale-respons-op-hiv-en-hepatitis-b-tubashigikire-in-burundi\/#breadcrumb","itemListElement":[{"@type":"ListItem","position":1,"name":"Startpagina","item":"https:\/\/www.solidariteprotestante.be\/nl\/"},{"@type":"ListItem","position":2,"name":"Lopende Projecten","item":"https:\/\/www.solidariteprotestante.be\/nl\/lopende-projecten\/"},{"@type":"ListItem","position":3,"name":"Bijdrage aan de nationale strijd tegen hiv en hepatitis B \u00ab\u00a0TUBASHIGIKIRE\u00a0\u00bb in Burundi"}]},{"@type":"WebSite","@id":"https:\/\/www.solidariteprotestante.be\/nl\/#website","url":"https:\/\/www.solidariteprotestante.be\/nl\/","name":"Solidarit\u00e9 Protestante","description":"","potentialAction":[{"@type":"SearchAction","target":{"@type":"EntryPoint","urlTemplate":"https:\/\/www.solidariteprotestante.be\/nl\/?s={search_term_string}"},"query-input":{"@type":"PropertyValueSpecification","valueRequired":true,"valueName":"search_term_string"}}],"inLanguage":"nl-NL"}]}},"_links":{"self":[{"href":"https:\/\/www.solidariteprotestante.be\/nl\/wp-json\/wp\/v2\/product\/10733","targetHints":{"allow":["GET"]}}],"collection":[{"href":"https:\/\/www.solidariteprotestante.be\/nl\/wp-json\/wp\/v2\/product"}],"about":[{"href":"https:\/\/www.solidariteprotestante.be\/nl\/wp-json\/wp\/v2\/types\/product"}],"wp:featuredmedia":[{"embeddable":true,"href":"https:\/\/www.solidariteprotestante.be\/nl\/wp-json\/wp\/v2\/media\/10735"}],"wp:attachment":[{"href":"https:\/\/www.solidariteprotestante.be\/nl\/wp-json\/wp\/v2\/media?parent=10733"}],"wp:term":[{"taxonomy":"product_brand","embeddable":true,"href":"https:\/\/www.solidariteprotestante.be\/nl\/wp-json\/wp\/v2\/product_brand?post=10733"},{"taxonomy":"product_cat","embeddable":true,"href":"https:\/\/www.solidariteprotestante.be\/nl\/wp-json\/wp\/v2\/product_cat?post=10733"},{"taxonomy":"product_tag","embeddable":true,"href":"https:\/\/www.solidariteprotestante.be\/nl\/wp-json\/wp\/v2\/product_tag?post=10733"}],"curies":[{"name":"wp","href":"https:\/\/api.w.org\/{rel}","templated":true}]}}