{"id":10732,"date":"2025-08-12T07:45:52","date_gmt":"2025-08-12T07:45:52","guid":{"rendered":"https:\/\/www.solidariteprotestante.be\/projet-realise\/project-ter-bestrijding-van-gendergerelateerd-geweld-door-positieve-mannelijkheid-in-de-democratische-republiek-congo\/"},"modified":"2025-12-08T10:08:00","modified_gmt":"2025-12-08T10:08:00","slug":"project-ter-bestrijding-van-gendergerelateerd-geweld-door-positieve-mannelijkheid-in-de-democratische-republiek-congo","status":"publish","type":"product","link":"https:\/\/www.solidariteprotestante.be\/nl\/projet-realise\/project-ter-bestrijding-van-gendergerelateerd-geweld-door-positieve-mannelijkheid-in-de-democratische-republiek-congo\/","title":{"rendered":"Project ter bestrijding van gendergerelateerd geweld door positieve mannelijkheid in de Democratische Republiek Congo"},"content":{"rendered":"<p><\/p>\n","protected":false},"excerpt":{"rendered":"<p>Dit project, uitgevoerd in partnerschap met het D\u00e9partement Femmes et Famille van de Communaut\u00e9 Baptiste au Centre de l'Afrique (CBCA\/DFF) en gefinancierd door Otto per Mille\/Tavola Valdese, wil de strijd tegen gendergerelateerd geweld versterken door mannen en jongens actief te betrekken, terwijl tegelijkertijd de veerkracht van vrouwelijke slachtoffers en meisjes wordt verhoogd.<\/p>\n<p>Het project zet in op het sensibiliseren van de lokale gemeenschap over gendergerelateerd geweld en het bevorderen van gedragsverandering via positieve mannelijkheid; dit gebeurt door radioprogramma's, de distributie van informatiemateriaal, infosessies, en trainingen voor jongens en mannen over seksueel en gendergerelateerd geweld en de impact ervan.<\/p>\n<p>Het project focust ook op de preventie van dit geweld en de bescherming van getroffenen. Daarnaast wordt voorzien in het versterken van de capaciteiten van begeleiders van therapiegroepen en het organiseren van therapie- en gespreksgroepen, met actieve deelname van mannen en jongens, traditionele en religieuze leiders.<\/p>\n<p>Slachtoffers van gendergerelateerd geweld worden opgevangen in inloopcentra en ontvangen psychologische, medische en juridische begeleiding; daarnaast worden ook familiale bemiddelingen georganiseerd.<\/p>\n<p>Verder richt het project vredesclubs op in scholen die gendergelijkheid en vreedzaam samenleven promoten.<\/p>\n<p>Ten slotte wordt de economische zelfredzaamheid van de begunstigden versterkt door het organiseren van inkomstengenererende activiteiten.<\/p>\n<p>Het jaarlijkse budget voor dit project, gefinancierd door <strong>Otto per Mille\/Tavola Valdese<\/strong>, bedraagt <strong>\u20ac20.000<\/strong>.<\/p>\n<p><strong>Als u dit specifieke project extra wilt steunen:<\/strong><\/p>\n<p><strong>Doe een donatie<\/strong>: BE37 0680 6690 1028 \u2013 Mededeling: <strong>Geweld<\/strong> \u2013 CBCA DFF<\/p>\n<p>Categorie:\u00a0Geweld | Tag:\u00a0DRC<\/p>\n","protected":false},"featured_media":10734,"template":"","meta":[],"product_brand":[],"product_cat":[121],"product_tag":[122],"class_list":{"0":"post-10732","1":"product","2":"type-product","3":"status-publish","4":"has-post-thumbnail","6":"product_cat-geweld","7":"product_tag-drc","9":"first","10":"instock","11":"shipping-taxable","12":"product-type-simple"},"yoast_head":"<!-- This site is optimized with the Yoast SEO plugin v27.5 - https:\/\/yoast.com\/product\/yoast-seo-wordpress\/ -->\n<title>Project ter bestrijding van gendergerelateerd geweld door positieve mannelijkheid in de Democratische Republiek Congo - Solidarit\u00e9 Protestante<\/title>\n<meta name=\"robots\" content=\"index, follow, max-snippet:-1, max-image-preview:large, max-video-preview:-1\" \/>\n<link rel=\"canonical\" href=\"https:\/\/www.solidariteprotestante.be\/nl\/projet-realise\/project-ter-bestrijding-van-gendergerelateerd-geweld-door-positieve-mannelijkheid-in-de-democratische-republiek-congo\/\" \/>\n<meta property=\"og:locale\" content=\"nl_NL\" \/>\n<meta property=\"og:type\" content=\"article\" \/>\n<meta property=\"og:title\" content=\"Project ter bestrijding van gendergerelateerd geweld door positieve mannelijkheid in de Democratische Republiek Congo - Solidarit\u00e9 Protestante\" \/>\n<meta property=\"og:description\" content=\"Dit project, uitgevoerd in partnerschap met het D\u00e9partement Femmes et Famille van de Communaut\u00e9 Baptiste au Centre de l&#039;Afrique (CBCA\/DFF) en gefinancierd door Otto per Mille\/Tavola Valdese, wil de strijd tegen gendergerelateerd geweld versterken door mannen en jongens actief te betrekken, terwijl tegelijkertijd de veerkracht van vrouwelijke slachtoffers en meisjes wordt verhoogd.  Het project zet in op het sensibiliseren van de lokale gemeenschap over gendergerelateerd geweld en het bevorderen van gedragsverandering via positieve mannelijkheid; dit gebeurt door radioprogramma&#039;s, de distributie van informatiemateriaal, infosessies, en trainingen voor jongens en mannen over seksueel en gendergerelateerd geweld en de impact ervan.  Het project focust ook op de preventie van dit geweld en de bescherming van getroffenen. Daarnaast wordt voorzien in het versterken van de capaciteiten van begeleiders van therapiegroepen en het organiseren van therapie- en gespreksgroepen, met actieve deelname van mannen en jongens, traditionele en religieuze leiders.  Slachtoffers van gendergerelateerd geweld worden opgevangen in inloopcentra en ontvangen psychologische, medische en juridische begeleiding; daarnaast worden ook familiale bemiddelingen georganiseerd.  Verder richt het project vredesclubs op in scholen die gendergelijkheid en vreedzaam samenleven promoten.  Ten slotte wordt de economische zelfredzaamheid van de begunstigden versterkt door het organiseren van inkomstengenererende activiteiten.  Het jaarlijkse budget voor dit project, gefinancierd door Otto per Mille\/Tavola Valdese, bedraagt \u20ac20.000.  Als u dit specifieke project extra wilt steunen:  Doe een donatie: BE37 0680 6690 1028 \u2013 Mededeling: Geweld \u2013 CBCA DFF  Categorie:\u00a0Geweld | Tag:\u00a0DRC\" \/>\n<meta property=\"og:url\" content=\"https:\/\/www.solidariteprotestante.be\/nl\/projet-realise\/project-ter-bestrijding-van-gendergerelateerd-geweld-door-positieve-mannelijkheid-in-de-democratische-republiek-congo\/\" \/>\n<meta property=\"og:site_name\" content=\"Solidarit\u00e9 Protestante\" \/>\n<meta property=\"article:modified_time\" content=\"2025-12-08T10:08:00+00:00\" \/>\n<meta property=\"og:image\" content=\"https:\/\/www.solidariteprotestante.be\/wp-content\/uploads\/2025\/08\/violences-sexuelles-congo.webp\" \/>\n\t<meta property=\"og:image:width\" content=\"600\" \/>\n\t<meta property=\"og:image:height\" content=\"600\" \/>\n\t<meta property=\"og:image:type\" content=\"image\/webp\" \/>\n<meta name=\"twitter:card\" content=\"summary_large_image\" \/>\n<meta name=\"twitter:label1\" content=\"Geschatte leestijd\" \/>\n\t<meta name=\"twitter:data1\" content=\"1 minuut\" \/>\n<script type=\"application\/ld+json\" class=\"yoast-schema-graph\">{\"@context\":\"https:\\\/\\\/schema.org\",\"@graph\":[{\"@type\":\"WebPage\",\"@id\":\"https:\\\/\\\/www.solidariteprotestante.be\\\/nl\\\/projet-realise\\\/project-ter-bestrijding-van-gendergerelateerd-geweld-door-positieve-mannelijkheid-in-de-democratische-republiek-congo\\\/\",\"url\":\"https:\\\/\\\/www.solidariteprotestante.be\\\/nl\\\/projet-realise\\\/project-ter-bestrijding-van-gendergerelateerd-geweld-door-positieve-mannelijkheid-in-de-democratische-republiek-congo\\\/\",\"name\":\"Project ter bestrijding van gendergerelateerd geweld door positieve mannelijkheid in de Democratische Republiek Congo - Solidarit\u00e9 Protestante\",\"isPartOf\":{\"@id\":\"https:\\\/\\\/www.solidariteprotestante.be\\\/nl\\\/#website\"},\"primaryImageOfPage\":{\"@id\":\"https:\\\/\\\/www.solidariteprotestante.be\\\/nl\\\/projet-realise\\\/project-ter-bestrijding-van-gendergerelateerd-geweld-door-positieve-mannelijkheid-in-de-democratische-republiek-congo\\\/#primaryimage\"},\"image\":{\"@id\":\"https:\\\/\\\/www.solidariteprotestante.be\\\/nl\\\/projet-realise\\\/project-ter-bestrijding-van-gendergerelateerd-geweld-door-positieve-mannelijkheid-in-de-democratische-republiek-congo\\\/#primaryimage\"},\"thumbnailUrl\":\"https:\\\/\\\/www.solidariteprotestante.be\\\/wp-content\\\/uploads\\\/2025\\\/08\\\/violences-sexuelles-congo.webp\",\"datePublished\":\"2025-08-12T07:45:52+00:00\",\"dateModified\":\"2025-12-08T10:08:00+00:00\",\"breadcrumb\":{\"@id\":\"https:\\\/\\\/www.solidariteprotestante.be\\\/nl\\\/projet-realise\\\/project-ter-bestrijding-van-gendergerelateerd-geweld-door-positieve-mannelijkheid-in-de-democratische-republiek-congo\\\/#breadcrumb\"},\"inLanguage\":\"nl-NL\",\"potentialAction\":[{\"@type\":\"ReadAction\",\"target\":[\"https:\\\/\\\/www.solidariteprotestante.be\\\/nl\\\/projet-realise\\\/project-ter-bestrijding-van-gendergerelateerd-geweld-door-positieve-mannelijkheid-in-de-democratische-republiek-congo\\\/\"]}]},{\"@type\":\"ImageObject\",\"inLanguage\":\"nl-NL\",\"@id\":\"https:\\\/\\\/www.solidariteprotestante.be\\\/nl\\\/projet-realise\\\/project-ter-bestrijding-van-gendergerelateerd-geweld-door-positieve-mannelijkheid-in-de-democratische-republiek-congo\\\/#primaryimage\",\"url\":\"https:\\\/\\\/www.solidariteprotestante.be\\\/wp-content\\\/uploads\\\/2025\\\/08\\\/violences-sexuelles-congo.webp\",\"contentUrl\":\"https:\\\/\\\/www.solidariteprotestante.be\\\/wp-content\\\/uploads\\\/2025\\\/08\\\/violences-sexuelles-congo.webp\",\"width\":600,\"height\":600,\"caption\":\"Lutte contre les violences bas\u00e9es sur le genre\"},{\"@type\":\"BreadcrumbList\",\"@id\":\"https:\\\/\\\/www.solidariteprotestante.be\\\/nl\\\/projet-realise\\\/project-ter-bestrijding-van-gendergerelateerd-geweld-door-positieve-mannelijkheid-in-de-democratische-republiek-congo\\\/#breadcrumb\",\"itemListElement\":[{\"@type\":\"ListItem\",\"position\":1,\"name\":\"Startpagina\",\"item\":\"https:\\\/\\\/www.solidariteprotestante.be\\\/nl\\\/\"},{\"@type\":\"ListItem\",\"position\":2,\"name\":\"Lopende Projecten\",\"item\":\"https:\\\/\\\/www.solidariteprotestante.be\\\/nl\\\/lopende-projecten\\\/\"},{\"@type\":\"ListItem\",\"position\":3,\"name\":\"Project ter bestrijding van gendergerelateerd geweld door positieve mannelijkheid in de Democratische Republiek Congo\"}]},{\"@type\":\"WebSite\",\"@id\":\"https:\\\/\\\/www.solidariteprotestante.be\\\/nl\\\/#website\",\"url\":\"https:\\\/\\\/www.solidariteprotestante.be\\\/nl\\\/\",\"name\":\"Solidarit\u00e9 Protestante\",\"description\":\"\",\"potentialAction\":[{\"@type\":\"SearchAction\",\"target\":{\"@type\":\"EntryPoint\",\"urlTemplate\":\"https:\\\/\\\/www.solidariteprotestante.be\\\/nl\\\/?s={search_term_string}\"},\"query-input\":{\"@type\":\"PropertyValueSpecification\",\"valueRequired\":true,\"valueName\":\"search_term_string\"}}],\"inLanguage\":\"nl-NL\"}]}<\/script>\n<!-- \/ Yoast SEO plugin. -->","yoast_head_json":{"title":"Project ter bestrijding van gendergerelateerd geweld door positieve mannelijkheid in de Democratische Republiek Congo - Solidarit\u00e9 Protestante","robots":{"index":"index","follow":"follow","max-snippet":"max-snippet:-1","max-image-preview":"max-image-preview:large","max-video-preview":"max-video-preview:-1"},"canonical":"https:\/\/www.solidariteprotestante.be\/nl\/projet-realise\/project-ter-bestrijding-van-gendergerelateerd-geweld-door-positieve-mannelijkheid-in-de-democratische-republiek-congo\/","og_locale":"nl_NL","og_type":"article","og_title":"Project ter bestrijding van gendergerelateerd geweld door positieve mannelijkheid in de Democratische Republiek Congo - Solidarit\u00e9 Protestante","og_description":"Dit project, uitgevoerd in partnerschap met het D\u00e9partement Femmes et Famille van de Communaut\u00e9 Baptiste au Centre de l'Afrique (CBCA\/DFF) en gefinancierd door Otto per Mille\/Tavola Valdese, wil de strijd tegen gendergerelateerd geweld versterken door mannen en jongens actief te betrekken, terwijl tegelijkertijd de veerkracht van vrouwelijke slachtoffers en meisjes wordt verhoogd.  Het project zet in op het sensibiliseren van de lokale gemeenschap over gendergerelateerd geweld en het bevorderen van gedragsverandering via positieve mannelijkheid; dit gebeurt door radioprogramma's, de distributie van informatiemateriaal, infosessies, en trainingen voor jongens en mannen over seksueel en gendergerelateerd geweld en de impact ervan.  Het project focust ook op de preventie van dit geweld en de bescherming van getroffenen. Daarnaast wordt voorzien in het versterken van de capaciteiten van begeleiders van therapiegroepen en het organiseren van therapie- en gespreksgroepen, met actieve deelname van mannen en jongens, traditionele en religieuze leiders.  Slachtoffers van gendergerelateerd geweld worden opgevangen in inloopcentra en ontvangen psychologische, medische en juridische begeleiding; daarnaast worden ook familiale bemiddelingen georganiseerd.  Verder richt het project vredesclubs op in scholen die gendergelijkheid en vreedzaam samenleven promoten.  Ten slotte wordt de economische zelfredzaamheid van de begunstigden versterkt door het organiseren van inkomstengenererende activiteiten.  Het jaarlijkse budget voor dit project, gefinancierd door Otto per Mille\/Tavola Valdese, bedraagt \u20ac20.000.  Als u dit specifieke project extra wilt steunen:  Doe een donatie: BE37 0680 6690 1028 \u2013 Mededeling: Geweld \u2013 CBCA DFF  Categorie:\u00a0Geweld | Tag:\u00a0DRC","og_url":"https:\/\/www.solidariteprotestante.be\/nl\/projet-realise\/project-ter-bestrijding-van-gendergerelateerd-geweld-door-positieve-mannelijkheid-in-de-democratische-republiek-congo\/","og_site_name":"Solidarit\u00e9 Protestante","article_modified_time":"2025-12-08T10:08:00+00:00","og_image":[{"width":600,"height":600,"url":"https:\/\/www.solidariteprotestante.be\/wp-content\/uploads\/2025\/08\/violences-sexuelles-congo.webp","type":"image\/webp"}],"twitter_card":"summary_large_image","twitter_misc":{"Geschatte leestijd":"1 minuut"},"schema":{"@context":"https:\/\/schema.org","@graph":[{"@type":"WebPage","@id":"https:\/\/www.solidariteprotestante.be\/nl\/projet-realise\/project-ter-bestrijding-van-gendergerelateerd-geweld-door-positieve-mannelijkheid-in-de-democratische-republiek-congo\/","url":"https:\/\/www.solidariteprotestante.be\/nl\/projet-realise\/project-ter-bestrijding-van-gendergerelateerd-geweld-door-positieve-mannelijkheid-in-de-democratische-republiek-congo\/","name":"Project ter bestrijding van gendergerelateerd geweld door positieve mannelijkheid in de Democratische Republiek Congo - Solidarit\u00e9 Protestante","isPartOf":{"@id":"https:\/\/www.solidariteprotestante.be\/nl\/#website"},"primaryImageOfPage":{"@id":"https:\/\/www.solidariteprotestante.be\/nl\/projet-realise\/project-ter-bestrijding-van-gendergerelateerd-geweld-door-positieve-mannelijkheid-in-de-democratische-republiek-congo\/#primaryimage"},"image":{"@id":"https:\/\/www.solidariteprotestante.be\/nl\/projet-realise\/project-ter-bestrijding-van-gendergerelateerd-geweld-door-positieve-mannelijkheid-in-de-democratische-republiek-congo\/#primaryimage"},"thumbnailUrl":"https:\/\/www.solidariteprotestante.be\/wp-content\/uploads\/2025\/08\/violences-sexuelles-congo.webp","datePublished":"2025-08-12T07:45:52+00:00","dateModified":"2025-12-08T10:08:00+00:00","breadcrumb":{"@id":"https:\/\/www.solidariteprotestante.be\/nl\/projet-realise\/project-ter-bestrijding-van-gendergerelateerd-geweld-door-positieve-mannelijkheid-in-de-democratische-republiek-congo\/#breadcrumb"},"inLanguage":"nl-NL","potentialAction":[{"@type":"ReadAction","target":["https:\/\/www.solidariteprotestante.be\/nl\/projet-realise\/project-ter-bestrijding-van-gendergerelateerd-geweld-door-positieve-mannelijkheid-in-de-democratische-republiek-congo\/"]}]},{"@type":"ImageObject","inLanguage":"nl-NL","@id":"https:\/\/www.solidariteprotestante.be\/nl\/projet-realise\/project-ter-bestrijding-van-gendergerelateerd-geweld-door-positieve-mannelijkheid-in-de-democratische-republiek-congo\/#primaryimage","url":"https:\/\/www.solidariteprotestante.be\/wp-content\/uploads\/2025\/08\/violences-sexuelles-congo.webp","contentUrl":"https:\/\/www.solidariteprotestante.be\/wp-content\/uploads\/2025\/08\/violences-sexuelles-congo.webp","width":600,"height":600,"caption":"Lutte contre les violences bas\u00e9es sur le genre"},{"@type":"BreadcrumbList","@id":"https:\/\/www.solidariteprotestante.be\/nl\/projet-realise\/project-ter-bestrijding-van-gendergerelateerd-geweld-door-positieve-mannelijkheid-in-de-democratische-republiek-congo\/#breadcrumb","itemListElement":[{"@type":"ListItem","position":1,"name":"Startpagina","item":"https:\/\/www.solidariteprotestante.be\/nl\/"},{"@type":"ListItem","position":2,"name":"Lopende Projecten","item":"https:\/\/www.solidariteprotestante.be\/nl\/lopende-projecten\/"},{"@type":"ListItem","position":3,"name":"Project ter bestrijding van gendergerelateerd geweld door positieve mannelijkheid in de Democratische Republiek Congo"}]},{"@type":"WebSite","@id":"https:\/\/www.solidariteprotestante.be\/nl\/#website","url":"https:\/\/www.solidariteprotestante.be\/nl\/","name":"Solidarit\u00e9 Protestante","description":"","potentialAction":[{"@type":"SearchAction","target":{"@type":"EntryPoint","urlTemplate":"https:\/\/www.solidariteprotestante.be\/nl\/?s={search_term_string}"},"query-input":{"@type":"PropertyValueSpecification","valueRequired":true,"valueName":"search_term_string"}}],"inLanguage":"nl-NL"}]}},"_links":{"self":[{"href":"https:\/\/www.solidariteprotestante.be\/nl\/wp-json\/wp\/v2\/product\/10732","targetHints":{"allow":["GET"]}}],"collection":[{"href":"https:\/\/www.solidariteprotestante.be\/nl\/wp-json\/wp\/v2\/product"}],"about":[{"href":"https:\/\/www.solidariteprotestante.be\/nl\/wp-json\/wp\/v2\/types\/product"}],"wp:featuredmedia":[{"embeddable":true,"href":"https:\/\/www.solidariteprotestante.be\/nl\/wp-json\/wp\/v2\/media\/10734"}],"wp:attachment":[{"href":"https:\/\/www.solidariteprotestante.be\/nl\/wp-json\/wp\/v2\/media?parent=10732"}],"wp:term":[{"taxonomy":"product_brand","embeddable":true,"href":"https:\/\/www.solidariteprotestante.be\/nl\/wp-json\/wp\/v2\/product_brand?post=10732"},{"taxonomy":"product_cat","embeddable":true,"href":"https:\/\/www.solidariteprotestante.be\/nl\/wp-json\/wp\/v2\/product_cat?post=10732"},{"taxonomy":"product_tag","embeddable":true,"href":"https:\/\/www.solidariteprotestante.be\/nl\/wp-json\/wp\/v2\/product_tag?post=10732"}],"curies":[{"name":"wp","href":"https:\/\/api.w.org\/{rel}","templated":true}]}}