{"id":10725,"date":"2025-08-12T08:26:25","date_gmt":"2025-08-12T08:26:25","guid":{"rendered":"https:\/\/www.solidariteprotestante.be\/projet-realise\/geintegreerd-project-voor-toegang-tot-huisvesting-en-voedselzekerheid-voor-20-batwa-huishoudens-in-de-mubuga-zone-in-burundi\/"},"modified":"2025-12-08T09:58:57","modified_gmt":"2025-12-08T09:58:57","slug":"geintegreerd-project-voor-toegang-tot-huisvesting-en-voedselzekerheid-voor-20-batwa-huishoudens-in-de-mubuga-zone-in-burundi","status":"publish","type":"product","link":"https:\/\/www.solidariteprotestante.be\/nl\/projet-realise\/geintegreerd-project-voor-toegang-tot-huisvesting-en-voedselzekerheid-voor-20-batwa-huishoudens-in-de-mubuga-zone-in-burundi\/","title":{"rendered":"Ge\u00efntegreerd project voor toegang tot huisvesting en voedselzekerheid voor 20 Batwa-huishoudens in de Mubuga-zone in Burundi"},"content":{"rendered":"","protected":false},"excerpt":{"rendered":"<p>De Batwa, een inheemse minderheidsgroep die ongeveer 1% van de Burundese bevolking vertegenwoordigt, wordt historisch gemarginaliseerd en kampt met sociale discriminatie, wat resulteert in extreme armoede en sociale uitsluiting. Huisvesting vormt een kritiek probleem: een groot deel van de Batwa leeft nog altijd in ge\u00efmproviseerde hutten van bananenbladeren. Bovendien hebben ze nauwelijks toegang tot akkerland, waardoor hun<br \/>\nvoedselzekerheid ernstig wordt bedreigd.<\/p>\n<p>Gezien deze situatie wil dit project, uitgevoerd in samenwerking met African Revival Ministries (ARM) en gefinancierd door Protestantse Solidariteit via priv\u00e9schenkingen, de sociaaleconomische omstandigheden van de Batwa-gemeenschappen in de Mubuga-zone verbeteren. Het project streeft ernaar de doelgroep waardige huisvesting te bieden, hun voedselautonomie te versterken en toegang tot onderwijs voor de meest kwetsbare kinderen te waarborgen.<\/p>\n<p>Het project voorziet in de bouw van huizen voor 20 gezinnen, vergezeld van bewustmaking over hygi\u00ebne, bescherming en onderhoud van de woningen. Om de voedselautonomie te verhogen, wordt akkerland gehuurd voor collectieve bewerking, worden landbouwgereedschappen en zaaigoed verstrekt, en ontvangen de 20 gezinnen ondersteuning bij het houden en kweken van kleinvee.<\/p>\n<p>Daarnaast ondersteunt het project de schoolgang door het verstrekken van uniformen, schoolmateriaal en hygi\u00ebnische kits aan de kinderen. Om schooluitval te voorkomen, worden pleitbezorgingsacties ondernomen voor de re-integratie van Batwa-kinderen in het onderwijssysteem, en worden participatieve workshops georganiseerd met lokale autoriteiten, het Ministerie van Nationale Solidariteit en Gender, en de kinderen.<\/p>\n<p>Het jaarlijkse budget voor dit project, gefinancierd door <strong>Protestantse Solidariteit<\/strong>, bedraagt <strong>\u20ac15.048<\/strong>.<\/p>\n<p><strong>Als u dit specifieke project wilt steunen:<\/strong><\/p>\n<p><strong>Doe een donatie<\/strong>: BE37 0680 6690 1028 \u2013 <strong>Mededeling<\/strong>: Batwa-ARM<\/p>\n<p>Categorie:\u00a0Autonomie | Tag:\u00a0Burundi<\/p>\n","protected":false},"featured_media":10726,"template":"","meta":[],"product_brand":[],"product_cat":[115],"product_tag":[112],"class_list":{"0":"post-10725","1":"product","2":"type-product","3":"status-publish","4":"has-post-thumbnail","6":"product_cat-zelfredzaamheid","7":"product_tag-burundi","9":"first","10":"instock","11":"shipping-taxable","12":"product-type-simple"},"yoast_head":"<!-- This site is optimized with the Yoast SEO plugin v27.5 - https:\/\/yoast.com\/product\/yoast-seo-wordpress\/ -->\n<title>Ge\u00efntegreerd project voor toegang tot huisvesting en voedselzekerheid voor 20 Batwa-huishoudens in de Mubuga-zone in Burundi - Solidarit\u00e9 Protestante<\/title>\n<meta name=\"robots\" content=\"index, follow, max-snippet:-1, max-image-preview:large, max-video-preview:-1\" \/>\n<link rel=\"canonical\" href=\"https:\/\/www.solidariteprotestante.be\/nl\/projet-realise\/geintegreerd-project-voor-toegang-tot-huisvesting-en-voedselzekerheid-voor-20-batwa-huishoudens-in-de-mubuga-zone-in-burundi\/\" \/>\n<meta property=\"og:locale\" content=\"nl_NL\" \/>\n<meta property=\"og:type\" content=\"article\" \/>\n<meta property=\"og:title\" content=\"Ge\u00efntegreerd project voor toegang tot huisvesting en voedselzekerheid voor 20 Batwa-huishoudens in de Mubuga-zone in Burundi - Solidarit\u00e9 Protestante\" \/>\n<meta property=\"og:description\" content=\"De Batwa, een inheemse minderheidsgroep die ongeveer 1% van de Burundese bevolking vertegenwoordigt, wordt historisch gemarginaliseerd en kampt met sociale discriminatie, wat resulteert in extreme armoede en sociale uitsluiting. Huisvesting vormt een kritiek probleem: een groot deel van de Batwa leeft nog altijd in ge\u00efmproviseerde hutten van bananenbladeren. Bovendien hebben ze nauwelijks toegang tot akkerland, waardoor hun voedselzekerheid ernstig wordt bedreigd.  Gezien deze situatie wil dit project, uitgevoerd in samenwerking met African Revival Ministries (ARM) en gefinancierd door Protestantse Solidariteit via priv\u00e9schenkingen, de sociaaleconomische omstandigheden van de Batwa-gemeenschappen in de Mubuga-zone verbeteren. Het project streeft ernaar de doelgroep waardige huisvesting te bieden, hun voedselautonomie te versterken en toegang tot onderwijs voor de meest kwetsbare kinderen te waarborgen.  Het project voorziet in de bouw van huizen voor 20 gezinnen, vergezeld van bewustmaking over hygi\u00ebne, bescherming en onderhoud van de woningen. Om de voedselautonomie te verhogen, wordt akkerland gehuurd voor collectieve bewerking, worden landbouwgereedschappen en zaaigoed verstrekt, en ontvangen de 20 gezinnen ondersteuning bij het houden en kweken van kleinvee.  Daarnaast ondersteunt het project de schoolgang door het verstrekken van uniformen, schoolmateriaal en hygi\u00ebnische kits aan de kinderen. Om schooluitval te voorkomen, worden pleitbezorgingsacties ondernomen voor de re-integratie van Batwa-kinderen in het onderwijssysteem, en worden participatieve workshops georganiseerd met lokale autoriteiten, het Ministerie van Nationale Solidariteit en Gender, en de kinderen.  Het jaarlijkse budget voor dit project, gefinancierd door Protestantse Solidariteit, bedraagt \u20ac15.048.  Als u dit specifieke project wilt steunen:  Doe een donatie: BE37 0680 6690 1028 \u2013 Mededeling: Batwa-ARM  Categorie:\u00a0Autonomie | Tag:\u00a0Burundi\" \/>\n<meta property=\"og:url\" content=\"https:\/\/www.solidariteprotestante.be\/nl\/projet-realise\/geintegreerd-project-voor-toegang-tot-huisvesting-en-voedselzekerheid-voor-20-batwa-huishoudens-in-de-mubuga-zone-in-burundi\/\" \/>\n<meta property=\"og:site_name\" content=\"Solidarit\u00e9 Protestante\" \/>\n<meta property=\"article:modified_time\" content=\"2025-12-08T09:58:57+00:00\" \/>\n<meta property=\"og:image\" content=\"https:\/\/www.solidariteprotestante.be\/wp-content\/uploads\/2025\/08\/acces-logement-burundi.webp\" \/>\n\t<meta property=\"og:image:width\" content=\"600\" \/>\n\t<meta property=\"og:image:height\" content=\"600\" \/>\n\t<meta property=\"og:image:type\" content=\"image\/webp\" \/>\n<meta name=\"twitter:card\" content=\"summary_large_image\" \/>\n<meta name=\"twitter:label1\" content=\"Geschatte leestijd\" \/>\n\t<meta name=\"twitter:data1\" content=\"1 minuut\" \/>\n<script type=\"application\/ld+json\" class=\"yoast-schema-graph\">{\"@context\":\"https:\\\/\\\/schema.org\",\"@graph\":[{\"@type\":\"WebPage\",\"@id\":\"https:\\\/\\\/www.solidariteprotestante.be\\\/nl\\\/projet-realise\\\/geintegreerd-project-voor-toegang-tot-huisvesting-en-voedselzekerheid-voor-20-batwa-huishoudens-in-de-mubuga-zone-in-burundi\\\/\",\"url\":\"https:\\\/\\\/www.solidariteprotestante.be\\\/nl\\\/projet-realise\\\/geintegreerd-project-voor-toegang-tot-huisvesting-en-voedselzekerheid-voor-20-batwa-huishoudens-in-de-mubuga-zone-in-burundi\\\/\",\"name\":\"Ge\u00efntegreerd project voor toegang tot huisvesting en voedselzekerheid voor 20 Batwa-huishoudens in de Mubuga-zone in Burundi - Solidarit\u00e9 Protestante\",\"isPartOf\":{\"@id\":\"https:\\\/\\\/www.solidariteprotestante.be\\\/nl\\\/#website\"},\"primaryImageOfPage\":{\"@id\":\"https:\\\/\\\/www.solidariteprotestante.be\\\/nl\\\/projet-realise\\\/geintegreerd-project-voor-toegang-tot-huisvesting-en-voedselzekerheid-voor-20-batwa-huishoudens-in-de-mubuga-zone-in-burundi\\\/#primaryimage\"},\"image\":{\"@id\":\"https:\\\/\\\/www.solidariteprotestante.be\\\/nl\\\/projet-realise\\\/geintegreerd-project-voor-toegang-tot-huisvesting-en-voedselzekerheid-voor-20-batwa-huishoudens-in-de-mubuga-zone-in-burundi\\\/#primaryimage\"},\"thumbnailUrl\":\"https:\\\/\\\/www.solidariteprotestante.be\\\/wp-content\\\/uploads\\\/2025\\\/08\\\/acces-logement-burundi.webp\",\"datePublished\":\"2025-08-12T08:26:25+00:00\",\"dateModified\":\"2025-12-08T09:58:57+00:00\",\"breadcrumb\":{\"@id\":\"https:\\\/\\\/www.solidariteprotestante.be\\\/nl\\\/projet-realise\\\/geintegreerd-project-voor-toegang-tot-huisvesting-en-voedselzekerheid-voor-20-batwa-huishoudens-in-de-mubuga-zone-in-burundi\\\/#breadcrumb\"},\"inLanguage\":\"nl-NL\",\"potentialAction\":[{\"@type\":\"ReadAction\",\"target\":[\"https:\\\/\\\/www.solidariteprotestante.be\\\/nl\\\/projet-realise\\\/geintegreerd-project-voor-toegang-tot-huisvesting-en-voedselzekerheid-voor-20-batwa-huishoudens-in-de-mubuga-zone-in-burundi\\\/\"]}]},{\"@type\":\"ImageObject\",\"inLanguage\":\"nl-NL\",\"@id\":\"https:\\\/\\\/www.solidariteprotestante.be\\\/nl\\\/projet-realise\\\/geintegreerd-project-voor-toegang-tot-huisvesting-en-voedselzekerheid-voor-20-batwa-huishoudens-in-de-mubuga-zone-in-burundi\\\/#primaryimage\",\"url\":\"https:\\\/\\\/www.solidariteprotestante.be\\\/wp-content\\\/uploads\\\/2025\\\/08\\\/acces-logement-burundi.webp\",\"contentUrl\":\"https:\\\/\\\/www.solidariteprotestante.be\\\/wp-content\\\/uploads\\\/2025\\\/08\\\/acces-logement-burundi.webp\",\"width\":600,\"height\":600,\"caption\":\"Acc\u00e8s au logement et \u00e0 la s\u00e9curit\u00e9 alimentaire de 20 m\u00e9nages Batwa\"},{\"@type\":\"BreadcrumbList\",\"@id\":\"https:\\\/\\\/www.solidariteprotestante.be\\\/nl\\\/projet-realise\\\/geintegreerd-project-voor-toegang-tot-huisvesting-en-voedselzekerheid-voor-20-batwa-huishoudens-in-de-mubuga-zone-in-burundi\\\/#breadcrumb\",\"itemListElement\":[{\"@type\":\"ListItem\",\"position\":1,\"name\":\"Startpagina\",\"item\":\"https:\\\/\\\/www.solidariteprotestante.be\\\/nl\\\/\"},{\"@type\":\"ListItem\",\"position\":2,\"name\":\"Lopende Projecten\",\"item\":\"https:\\\/\\\/www.solidariteprotestante.be\\\/nl\\\/lopende-projecten\\\/\"},{\"@type\":\"ListItem\",\"position\":3,\"name\":\"Ge\u00efntegreerd project voor toegang tot huisvesting en voedselzekerheid voor 20 Batwa-huishoudens in de Mubuga-zone in Burundi\"}]},{\"@type\":\"WebSite\",\"@id\":\"https:\\\/\\\/www.solidariteprotestante.be\\\/nl\\\/#website\",\"url\":\"https:\\\/\\\/www.solidariteprotestante.be\\\/nl\\\/\",\"name\":\"Solidarit\u00e9 Protestante\",\"description\":\"\",\"potentialAction\":[{\"@type\":\"SearchAction\",\"target\":{\"@type\":\"EntryPoint\",\"urlTemplate\":\"https:\\\/\\\/www.solidariteprotestante.be\\\/nl\\\/?s={search_term_string}\"},\"query-input\":{\"@type\":\"PropertyValueSpecification\",\"valueRequired\":true,\"valueName\":\"search_term_string\"}}],\"inLanguage\":\"nl-NL\"}]}<\/script>\n<!-- \/ Yoast SEO plugin. -->","yoast_head_json":{"title":"Ge\u00efntegreerd project voor toegang tot huisvesting en voedselzekerheid voor 20 Batwa-huishoudens in de Mubuga-zone in Burundi - Solidarit\u00e9 Protestante","robots":{"index":"index","follow":"follow","max-snippet":"max-snippet:-1","max-image-preview":"max-image-preview:large","max-video-preview":"max-video-preview:-1"},"canonical":"https:\/\/www.solidariteprotestante.be\/nl\/projet-realise\/geintegreerd-project-voor-toegang-tot-huisvesting-en-voedselzekerheid-voor-20-batwa-huishoudens-in-de-mubuga-zone-in-burundi\/","og_locale":"nl_NL","og_type":"article","og_title":"Ge\u00efntegreerd project voor toegang tot huisvesting en voedselzekerheid voor 20 Batwa-huishoudens in de Mubuga-zone in Burundi - Solidarit\u00e9 Protestante","og_description":"De Batwa, een inheemse minderheidsgroep die ongeveer 1% van de Burundese bevolking vertegenwoordigt, wordt historisch gemarginaliseerd en kampt met sociale discriminatie, wat resulteert in extreme armoede en sociale uitsluiting. Huisvesting vormt een kritiek probleem: een groot deel van de Batwa leeft nog altijd in ge\u00efmproviseerde hutten van bananenbladeren. Bovendien hebben ze nauwelijks toegang tot akkerland, waardoor hun voedselzekerheid ernstig wordt bedreigd.  Gezien deze situatie wil dit project, uitgevoerd in samenwerking met African Revival Ministries (ARM) en gefinancierd door Protestantse Solidariteit via priv\u00e9schenkingen, de sociaaleconomische omstandigheden van de Batwa-gemeenschappen in de Mubuga-zone verbeteren. Het project streeft ernaar de doelgroep waardige huisvesting te bieden, hun voedselautonomie te versterken en toegang tot onderwijs voor de meest kwetsbare kinderen te waarborgen.  Het project voorziet in de bouw van huizen voor 20 gezinnen, vergezeld van bewustmaking over hygi\u00ebne, bescherming en onderhoud van de woningen. Om de voedselautonomie te verhogen, wordt akkerland gehuurd voor collectieve bewerking, worden landbouwgereedschappen en zaaigoed verstrekt, en ontvangen de 20 gezinnen ondersteuning bij het houden en kweken van kleinvee.  Daarnaast ondersteunt het project de schoolgang door het verstrekken van uniformen, schoolmateriaal en hygi\u00ebnische kits aan de kinderen. Om schooluitval te voorkomen, worden pleitbezorgingsacties ondernomen voor de re-integratie van Batwa-kinderen in het onderwijssysteem, en worden participatieve workshops georganiseerd met lokale autoriteiten, het Ministerie van Nationale Solidariteit en Gender, en de kinderen.  Het jaarlijkse budget voor dit project, gefinancierd door Protestantse Solidariteit, bedraagt \u20ac15.048.  Als u dit specifieke project wilt steunen:  Doe een donatie: BE37 0680 6690 1028 \u2013 Mededeling: Batwa-ARM  Categorie:\u00a0Autonomie | Tag:\u00a0Burundi","og_url":"https:\/\/www.solidariteprotestante.be\/nl\/projet-realise\/geintegreerd-project-voor-toegang-tot-huisvesting-en-voedselzekerheid-voor-20-batwa-huishoudens-in-de-mubuga-zone-in-burundi\/","og_site_name":"Solidarit\u00e9 Protestante","article_modified_time":"2025-12-08T09:58:57+00:00","og_image":[{"width":600,"height":600,"url":"https:\/\/www.solidariteprotestante.be\/wp-content\/uploads\/2025\/08\/acces-logement-burundi.webp","type":"image\/webp"}],"twitter_card":"summary_large_image","twitter_misc":{"Geschatte leestijd":"1 minuut"},"schema":{"@context":"https:\/\/schema.org","@graph":[{"@type":"WebPage","@id":"https:\/\/www.solidariteprotestante.be\/nl\/projet-realise\/geintegreerd-project-voor-toegang-tot-huisvesting-en-voedselzekerheid-voor-20-batwa-huishoudens-in-de-mubuga-zone-in-burundi\/","url":"https:\/\/www.solidariteprotestante.be\/nl\/projet-realise\/geintegreerd-project-voor-toegang-tot-huisvesting-en-voedselzekerheid-voor-20-batwa-huishoudens-in-de-mubuga-zone-in-burundi\/","name":"Ge\u00efntegreerd project voor toegang tot huisvesting en voedselzekerheid voor 20 Batwa-huishoudens in de Mubuga-zone in Burundi - Solidarit\u00e9 Protestante","isPartOf":{"@id":"https:\/\/www.solidariteprotestante.be\/nl\/#website"},"primaryImageOfPage":{"@id":"https:\/\/www.solidariteprotestante.be\/nl\/projet-realise\/geintegreerd-project-voor-toegang-tot-huisvesting-en-voedselzekerheid-voor-20-batwa-huishoudens-in-de-mubuga-zone-in-burundi\/#primaryimage"},"image":{"@id":"https:\/\/www.solidariteprotestante.be\/nl\/projet-realise\/geintegreerd-project-voor-toegang-tot-huisvesting-en-voedselzekerheid-voor-20-batwa-huishoudens-in-de-mubuga-zone-in-burundi\/#primaryimage"},"thumbnailUrl":"https:\/\/www.solidariteprotestante.be\/wp-content\/uploads\/2025\/08\/acces-logement-burundi.webp","datePublished":"2025-08-12T08:26:25+00:00","dateModified":"2025-12-08T09:58:57+00:00","breadcrumb":{"@id":"https:\/\/www.solidariteprotestante.be\/nl\/projet-realise\/geintegreerd-project-voor-toegang-tot-huisvesting-en-voedselzekerheid-voor-20-batwa-huishoudens-in-de-mubuga-zone-in-burundi\/#breadcrumb"},"inLanguage":"nl-NL","potentialAction":[{"@type":"ReadAction","target":["https:\/\/www.solidariteprotestante.be\/nl\/projet-realise\/geintegreerd-project-voor-toegang-tot-huisvesting-en-voedselzekerheid-voor-20-batwa-huishoudens-in-de-mubuga-zone-in-burundi\/"]}]},{"@type":"ImageObject","inLanguage":"nl-NL","@id":"https:\/\/www.solidariteprotestante.be\/nl\/projet-realise\/geintegreerd-project-voor-toegang-tot-huisvesting-en-voedselzekerheid-voor-20-batwa-huishoudens-in-de-mubuga-zone-in-burundi\/#primaryimage","url":"https:\/\/www.solidariteprotestante.be\/wp-content\/uploads\/2025\/08\/acces-logement-burundi.webp","contentUrl":"https:\/\/www.solidariteprotestante.be\/wp-content\/uploads\/2025\/08\/acces-logement-burundi.webp","width":600,"height":600,"caption":"Acc\u00e8s au logement et \u00e0 la s\u00e9curit\u00e9 alimentaire de 20 m\u00e9nages Batwa"},{"@type":"BreadcrumbList","@id":"https:\/\/www.solidariteprotestante.be\/nl\/projet-realise\/geintegreerd-project-voor-toegang-tot-huisvesting-en-voedselzekerheid-voor-20-batwa-huishoudens-in-de-mubuga-zone-in-burundi\/#breadcrumb","itemListElement":[{"@type":"ListItem","position":1,"name":"Startpagina","item":"https:\/\/www.solidariteprotestante.be\/nl\/"},{"@type":"ListItem","position":2,"name":"Lopende Projecten","item":"https:\/\/www.solidariteprotestante.be\/nl\/lopende-projecten\/"},{"@type":"ListItem","position":3,"name":"Ge\u00efntegreerd project voor toegang tot huisvesting en voedselzekerheid voor 20 Batwa-huishoudens in de Mubuga-zone in Burundi"}]},{"@type":"WebSite","@id":"https:\/\/www.solidariteprotestante.be\/nl\/#website","url":"https:\/\/www.solidariteprotestante.be\/nl\/","name":"Solidarit\u00e9 Protestante","description":"","potentialAction":[{"@type":"SearchAction","target":{"@type":"EntryPoint","urlTemplate":"https:\/\/www.solidariteprotestante.be\/nl\/?s={search_term_string}"},"query-input":{"@type":"PropertyValueSpecification","valueRequired":true,"valueName":"search_term_string"}}],"inLanguage":"nl-NL"}]}},"_links":{"self":[{"href":"https:\/\/www.solidariteprotestante.be\/nl\/wp-json\/wp\/v2\/product\/10725","targetHints":{"allow":["GET"]}}],"collection":[{"href":"https:\/\/www.solidariteprotestante.be\/nl\/wp-json\/wp\/v2\/product"}],"about":[{"href":"https:\/\/www.solidariteprotestante.be\/nl\/wp-json\/wp\/v2\/types\/product"}],"wp:featuredmedia":[{"embeddable":true,"href":"https:\/\/www.solidariteprotestante.be\/nl\/wp-json\/wp\/v2\/media\/10726"}],"wp:attachment":[{"href":"https:\/\/www.solidariteprotestante.be\/nl\/wp-json\/wp\/v2\/media?parent=10725"}],"wp:term":[{"taxonomy":"product_brand","embeddable":true,"href":"https:\/\/www.solidariteprotestante.be\/nl\/wp-json\/wp\/v2\/product_brand?post=10725"},{"taxonomy":"product_cat","embeddable":true,"href":"https:\/\/www.solidariteprotestante.be\/nl\/wp-json\/wp\/v2\/product_cat?post=10725"},{"taxonomy":"product_tag","embeddable":true,"href":"https:\/\/www.solidariteprotestante.be\/nl\/wp-json\/wp\/v2\/product_tag?post=10725"}],"curies":[{"name":"wp","href":"https:\/\/api.w.org\/{rel}","templated":true}]}}