{"id":10724,"date":"2025-08-12T07:15:28","date_gmt":"2025-08-12T07:15:28","guid":{"rendered":"https:\/\/www.solidariteprotestante.be\/projet-realise\/verbetering-van-het-therapeutisch-succespercentage-van-hiv-tuberculose-en-diabetes-in-macenta-in-de-bosrijke-regio-van-guinee-conakry\/"},"modified":"2025-12-08T10:14:30","modified_gmt":"2025-12-08T10:14:30","slug":"verbetering-van-het-therapeutisch-succespercentage-van-hiv-tuberculose-en-diabetes-in-macenta-in-de-bosrijke-regio-van-guinee-conakry","status":"publish","type":"product","link":"https:\/\/www.solidariteprotestante.be\/nl\/projet-realise\/verbetering-van-het-therapeutisch-succespercentage-van-hiv-tuberculose-en-diabetes-in-macenta-in-de-bosrijke-regio-van-guinee-conakry\/","title":{"rendered":"Verbetering van het therapeutisch succespercentage van hiv, tuberculose en diabetes in Macenta, in de bosrijke regio van Guinee (Conakry)"},"content":{"rendered":"<p><\/p>\n","protected":false},"excerpt":{"rendered":"<p>Dit project, in samenwerking met het Centre Hospitalier R\u00e9gional Sp\u00e9cialis\u00e9 (CHRS) van Macenta en gefinancierd door Otto per Mille\/Tavola Valdese, wil het therapeutisch succespercentage in de behandeling van hiv, tuberculose en diabetes in het CHRS van Macenta in Guinee Conakry verbeteren.<\/p>\n<p>De activiteiten omvatten het leveren van medisch materiaal en medicijnen, het screenen op hiv en tuberculose, evenals de psychologische en medische begeleiding van pati\u00ebnten die besmet zijn met hiv en\/of tuberculose en het opsporen van pati\u00ebnten die therapieontrouw zijn.<\/p>\n<p>In het kader van het project ontvangen diabetespati\u00ebnten bovendien aangepaste medische begeleiding in het ziekenhuis en worden protocollen voor diabeteszorg ontwikkeld.<\/p>\n<p>Het jaarlijkse budget voor dit project, gefinancierd door <strong>Otto per Mille\/Tavola Valdese<\/strong>, bedraagt <strong>\u20ac30.000<\/strong>.<\/p>\n<p><strong>Als u dit specifieke project extra wilt steunen:<\/strong><\/p>\n<p><strong>Doe een donatie<\/strong>: BE37 0680 6690 1028 \u2013 Mededeling: HIV \u2013 ARM<\/p>\n<p>Categorie: Gezondheid | Tag: Guinee<\/p>\n","protected":false},"featured_media":10727,"template":"","meta":[],"product_brand":[],"product_cat":[118],"product_tag":[119],"class_list":{"0":"post-10724","1":"product","2":"type-product","3":"status-publish","4":"has-post-thumbnail","6":"product_cat-gezondheid","7":"product_tag-guinee","9":"first","10":"instock","11":"shipping-taxable","12":"product-type-simple"},"yoast_head":"<!-- This site is optimized with the Yoast SEO plugin v27.5 - https:\/\/yoast.com\/product\/yoast-seo-wordpress\/ -->\n<title>Verbetering van het therapeutisch succespercentage van hiv, tuberculose en diabetes in Macenta, in de bosrijke regio van Guinee (Conakry) - Solidarit\u00e9 Protestante<\/title>\n<meta name=\"robots\" content=\"index, follow, max-snippet:-1, max-image-preview:large, max-video-preview:-1\" \/>\n<link rel=\"canonical\" href=\"https:\/\/www.solidariteprotestante.be\/nl\/projet-realise\/verbetering-van-het-therapeutisch-succespercentage-van-hiv-tuberculose-en-diabetes-in-macenta-in-de-bosrijke-regio-van-guinee-conakry\/\" \/>\n<meta property=\"og:locale\" content=\"nl_NL\" \/>\n<meta property=\"og:type\" content=\"article\" \/>\n<meta property=\"og:title\" content=\"Verbetering van het therapeutisch succespercentage van hiv, tuberculose en diabetes in Macenta, in de bosrijke regio van Guinee (Conakry) - Solidarit\u00e9 Protestante\" \/>\n<meta property=\"og:description\" content=\"Dit project, in samenwerking met het Centre Hospitalier R\u00e9gional Sp\u00e9cialis\u00e9 (CHRS) van Macenta en gefinancierd door Otto per Mille\/Tavola Valdese, wil het therapeutisch succespercentage in de behandeling van hiv, tuberculose en diabetes in het CHRS van Macenta in Guinee Conakry verbeteren.  De activiteiten omvatten het leveren van medisch materiaal en medicijnen, het screenen op hiv en tuberculose, evenals de psychologische en medische begeleiding van pati\u00ebnten die besmet zijn met hiv en\/of tuberculose en het opsporen van pati\u00ebnten die therapieontrouw zijn.  In het kader van het project ontvangen diabetespati\u00ebnten bovendien aangepaste medische begeleiding in het ziekenhuis en worden protocollen voor diabeteszorg ontwikkeld.  Het jaarlijkse budget voor dit project, gefinancierd door Otto per Mille\/Tavola Valdese, bedraagt \u20ac30.000.  Als u dit specifieke project extra wilt steunen:  Doe een donatie: BE37 0680 6690 1028 \u2013 Mededeling: HIV \u2013 ARM  Categorie: Gezondheid | Tag: Guinee\" \/>\n<meta property=\"og:url\" content=\"https:\/\/www.solidariteprotestante.be\/nl\/projet-realise\/verbetering-van-het-therapeutisch-succespercentage-van-hiv-tuberculose-en-diabetes-in-macenta-in-de-bosrijke-regio-van-guinee-conakry\/\" \/>\n<meta property=\"og:site_name\" content=\"Solidarit\u00e9 Protestante\" \/>\n<meta property=\"article:modified_time\" content=\"2025-12-08T10:14:30+00:00\" \/>\n<meta property=\"og:image\" content=\"https:\/\/www.solidariteprotestante.be\/wp-content\/uploads\/2025\/08\/amelioration-taux-succes-therapeutique.webp\" \/>\n\t<meta property=\"og:image:width\" content=\"600\" \/>\n\t<meta property=\"og:image:height\" content=\"600\" \/>\n\t<meta property=\"og:image:type\" content=\"image\/webp\" \/>\n<meta name=\"twitter:card\" content=\"summary_large_image\" \/>\n<meta name=\"twitter:label1\" content=\"Geschatte leestijd\" \/>\n\t<meta name=\"twitter:data1\" content=\"1 minuut\" \/>\n<script type=\"application\/ld+json\" class=\"yoast-schema-graph\">{\"@context\":\"https:\\\/\\\/schema.org\",\"@graph\":[{\"@type\":\"WebPage\",\"@id\":\"https:\\\/\\\/www.solidariteprotestante.be\\\/nl\\\/projet-realise\\\/verbetering-van-het-therapeutisch-succespercentage-van-hiv-tuberculose-en-diabetes-in-macenta-in-de-bosrijke-regio-van-guinee-conakry\\\/\",\"url\":\"https:\\\/\\\/www.solidariteprotestante.be\\\/nl\\\/projet-realise\\\/verbetering-van-het-therapeutisch-succespercentage-van-hiv-tuberculose-en-diabetes-in-macenta-in-de-bosrijke-regio-van-guinee-conakry\\\/\",\"name\":\"Verbetering van het therapeutisch succespercentage van hiv, tuberculose en diabetes in Macenta, in de bosrijke regio van Guinee (Conakry) - Solidarit\u00e9 Protestante\",\"isPartOf\":{\"@id\":\"https:\\\/\\\/www.solidariteprotestante.be\\\/nl\\\/#website\"},\"primaryImageOfPage\":{\"@id\":\"https:\\\/\\\/www.solidariteprotestante.be\\\/nl\\\/projet-realise\\\/verbetering-van-het-therapeutisch-succespercentage-van-hiv-tuberculose-en-diabetes-in-macenta-in-de-bosrijke-regio-van-guinee-conakry\\\/#primaryimage\"},\"image\":{\"@id\":\"https:\\\/\\\/www.solidariteprotestante.be\\\/nl\\\/projet-realise\\\/verbetering-van-het-therapeutisch-succespercentage-van-hiv-tuberculose-en-diabetes-in-macenta-in-de-bosrijke-regio-van-guinee-conakry\\\/#primaryimage\"},\"thumbnailUrl\":\"https:\\\/\\\/www.solidariteprotestante.be\\\/wp-content\\\/uploads\\\/2025\\\/08\\\/amelioration-taux-succes-therapeutique.webp\",\"datePublished\":\"2025-08-12T07:15:28+00:00\",\"dateModified\":\"2025-12-08T10:14:30+00:00\",\"breadcrumb\":{\"@id\":\"https:\\\/\\\/www.solidariteprotestante.be\\\/nl\\\/projet-realise\\\/verbetering-van-het-therapeutisch-succespercentage-van-hiv-tuberculose-en-diabetes-in-macenta-in-de-bosrijke-regio-van-guinee-conakry\\\/#breadcrumb\"},\"inLanguage\":\"nl-NL\",\"potentialAction\":[{\"@type\":\"ReadAction\",\"target\":[\"https:\\\/\\\/www.solidariteprotestante.be\\\/nl\\\/projet-realise\\\/verbetering-van-het-therapeutisch-succespercentage-van-hiv-tuberculose-en-diabetes-in-macenta-in-de-bosrijke-regio-van-guinee-conakry\\\/\"]}]},{\"@type\":\"ImageObject\",\"inLanguage\":\"nl-NL\",\"@id\":\"https:\\\/\\\/www.solidariteprotestante.be\\\/nl\\\/projet-realise\\\/verbetering-van-het-therapeutisch-succespercentage-van-hiv-tuberculose-en-diabetes-in-macenta-in-de-bosrijke-regio-van-guinee-conakry\\\/#primaryimage\",\"url\":\"https:\\\/\\\/www.solidariteprotestante.be\\\/wp-content\\\/uploads\\\/2025\\\/08\\\/amelioration-taux-succes-therapeutique.webp\",\"contentUrl\":\"https:\\\/\\\/www.solidariteprotestante.be\\\/wp-content\\\/uploads\\\/2025\\\/08\\\/amelioration-taux-succes-therapeutique.webp\",\"width\":600,\"height\":600,\"caption\":\"Am\u00e9lioration du taux de succ\u00e8s th\u00e9rapeutique\"},{\"@type\":\"BreadcrumbList\",\"@id\":\"https:\\\/\\\/www.solidariteprotestante.be\\\/nl\\\/projet-realise\\\/verbetering-van-het-therapeutisch-succespercentage-van-hiv-tuberculose-en-diabetes-in-macenta-in-de-bosrijke-regio-van-guinee-conakry\\\/#breadcrumb\",\"itemListElement\":[{\"@type\":\"ListItem\",\"position\":1,\"name\":\"Startpagina\",\"item\":\"https:\\\/\\\/www.solidariteprotestante.be\\\/nl\\\/\"},{\"@type\":\"ListItem\",\"position\":2,\"name\":\"Lopende Projecten\",\"item\":\"https:\\\/\\\/www.solidariteprotestante.be\\\/nl\\\/lopende-projecten\\\/\"},{\"@type\":\"ListItem\",\"position\":3,\"name\":\"Verbetering van het therapeutisch succespercentage van hiv, tuberculose en diabetes in Macenta, in de bosrijke regio van Guinee (Conakry)\"}]},{\"@type\":\"WebSite\",\"@id\":\"https:\\\/\\\/www.solidariteprotestante.be\\\/nl\\\/#website\",\"url\":\"https:\\\/\\\/www.solidariteprotestante.be\\\/nl\\\/\",\"name\":\"Solidarit\u00e9 Protestante\",\"description\":\"\",\"potentialAction\":[{\"@type\":\"SearchAction\",\"target\":{\"@type\":\"EntryPoint\",\"urlTemplate\":\"https:\\\/\\\/www.solidariteprotestante.be\\\/nl\\\/?s={search_term_string}\"},\"query-input\":{\"@type\":\"PropertyValueSpecification\",\"valueRequired\":true,\"valueName\":\"search_term_string\"}}],\"inLanguage\":\"nl-NL\"}]}<\/script>\n<!-- \/ Yoast SEO plugin. -->","yoast_head_json":{"title":"Verbetering van het therapeutisch succespercentage van hiv, tuberculose en diabetes in Macenta, in de bosrijke regio van Guinee (Conakry) - Solidarit\u00e9 Protestante","robots":{"index":"index","follow":"follow","max-snippet":"max-snippet:-1","max-image-preview":"max-image-preview:large","max-video-preview":"max-video-preview:-1"},"canonical":"https:\/\/www.solidariteprotestante.be\/nl\/projet-realise\/verbetering-van-het-therapeutisch-succespercentage-van-hiv-tuberculose-en-diabetes-in-macenta-in-de-bosrijke-regio-van-guinee-conakry\/","og_locale":"nl_NL","og_type":"article","og_title":"Verbetering van het therapeutisch succespercentage van hiv, tuberculose en diabetes in Macenta, in de bosrijke regio van Guinee (Conakry) - Solidarit\u00e9 Protestante","og_description":"Dit project, in samenwerking met het Centre Hospitalier R\u00e9gional Sp\u00e9cialis\u00e9 (CHRS) van Macenta en gefinancierd door Otto per Mille\/Tavola Valdese, wil het therapeutisch succespercentage in de behandeling van hiv, tuberculose en diabetes in het CHRS van Macenta in Guinee Conakry verbeteren.  De activiteiten omvatten het leveren van medisch materiaal en medicijnen, het screenen op hiv en tuberculose, evenals de psychologische en medische begeleiding van pati\u00ebnten die besmet zijn met hiv en\/of tuberculose en het opsporen van pati\u00ebnten die therapieontrouw zijn.  In het kader van het project ontvangen diabetespati\u00ebnten bovendien aangepaste medische begeleiding in het ziekenhuis en worden protocollen voor diabeteszorg ontwikkeld.  Het jaarlijkse budget voor dit project, gefinancierd door Otto per Mille\/Tavola Valdese, bedraagt \u20ac30.000.  Als u dit specifieke project extra wilt steunen:  Doe een donatie: BE37 0680 6690 1028 \u2013 Mededeling: HIV \u2013 ARM  Categorie: Gezondheid | Tag: Guinee","og_url":"https:\/\/www.solidariteprotestante.be\/nl\/projet-realise\/verbetering-van-het-therapeutisch-succespercentage-van-hiv-tuberculose-en-diabetes-in-macenta-in-de-bosrijke-regio-van-guinee-conakry\/","og_site_name":"Solidarit\u00e9 Protestante","article_modified_time":"2025-12-08T10:14:30+00:00","og_image":[{"width":600,"height":600,"url":"https:\/\/www.solidariteprotestante.be\/wp-content\/uploads\/2025\/08\/amelioration-taux-succes-therapeutique.webp","type":"image\/webp"}],"twitter_card":"summary_large_image","twitter_misc":{"Geschatte leestijd":"1 minuut"},"schema":{"@context":"https:\/\/schema.org","@graph":[{"@type":"WebPage","@id":"https:\/\/www.solidariteprotestante.be\/nl\/projet-realise\/verbetering-van-het-therapeutisch-succespercentage-van-hiv-tuberculose-en-diabetes-in-macenta-in-de-bosrijke-regio-van-guinee-conakry\/","url":"https:\/\/www.solidariteprotestante.be\/nl\/projet-realise\/verbetering-van-het-therapeutisch-succespercentage-van-hiv-tuberculose-en-diabetes-in-macenta-in-de-bosrijke-regio-van-guinee-conakry\/","name":"Verbetering van het therapeutisch succespercentage van hiv, tuberculose en diabetes in Macenta, in de bosrijke regio van Guinee (Conakry) - Solidarit\u00e9 Protestante","isPartOf":{"@id":"https:\/\/www.solidariteprotestante.be\/nl\/#website"},"primaryImageOfPage":{"@id":"https:\/\/www.solidariteprotestante.be\/nl\/projet-realise\/verbetering-van-het-therapeutisch-succespercentage-van-hiv-tuberculose-en-diabetes-in-macenta-in-de-bosrijke-regio-van-guinee-conakry\/#primaryimage"},"image":{"@id":"https:\/\/www.solidariteprotestante.be\/nl\/projet-realise\/verbetering-van-het-therapeutisch-succespercentage-van-hiv-tuberculose-en-diabetes-in-macenta-in-de-bosrijke-regio-van-guinee-conakry\/#primaryimage"},"thumbnailUrl":"https:\/\/www.solidariteprotestante.be\/wp-content\/uploads\/2025\/08\/amelioration-taux-succes-therapeutique.webp","datePublished":"2025-08-12T07:15:28+00:00","dateModified":"2025-12-08T10:14:30+00:00","breadcrumb":{"@id":"https:\/\/www.solidariteprotestante.be\/nl\/projet-realise\/verbetering-van-het-therapeutisch-succespercentage-van-hiv-tuberculose-en-diabetes-in-macenta-in-de-bosrijke-regio-van-guinee-conakry\/#breadcrumb"},"inLanguage":"nl-NL","potentialAction":[{"@type":"ReadAction","target":["https:\/\/www.solidariteprotestante.be\/nl\/projet-realise\/verbetering-van-het-therapeutisch-succespercentage-van-hiv-tuberculose-en-diabetes-in-macenta-in-de-bosrijke-regio-van-guinee-conakry\/"]}]},{"@type":"ImageObject","inLanguage":"nl-NL","@id":"https:\/\/www.solidariteprotestante.be\/nl\/projet-realise\/verbetering-van-het-therapeutisch-succespercentage-van-hiv-tuberculose-en-diabetes-in-macenta-in-de-bosrijke-regio-van-guinee-conakry\/#primaryimage","url":"https:\/\/www.solidariteprotestante.be\/wp-content\/uploads\/2025\/08\/amelioration-taux-succes-therapeutique.webp","contentUrl":"https:\/\/www.solidariteprotestante.be\/wp-content\/uploads\/2025\/08\/amelioration-taux-succes-therapeutique.webp","width":600,"height":600,"caption":"Am\u00e9lioration du taux de succ\u00e8s th\u00e9rapeutique"},{"@type":"BreadcrumbList","@id":"https:\/\/www.solidariteprotestante.be\/nl\/projet-realise\/verbetering-van-het-therapeutisch-succespercentage-van-hiv-tuberculose-en-diabetes-in-macenta-in-de-bosrijke-regio-van-guinee-conakry\/#breadcrumb","itemListElement":[{"@type":"ListItem","position":1,"name":"Startpagina","item":"https:\/\/www.solidariteprotestante.be\/nl\/"},{"@type":"ListItem","position":2,"name":"Lopende Projecten","item":"https:\/\/www.solidariteprotestante.be\/nl\/lopende-projecten\/"},{"@type":"ListItem","position":3,"name":"Verbetering van het therapeutisch succespercentage van hiv, tuberculose en diabetes in Macenta, in de bosrijke regio van Guinee (Conakry)"}]},{"@type":"WebSite","@id":"https:\/\/www.solidariteprotestante.be\/nl\/#website","url":"https:\/\/www.solidariteprotestante.be\/nl\/","name":"Solidarit\u00e9 Protestante","description":"","potentialAction":[{"@type":"SearchAction","target":{"@type":"EntryPoint","urlTemplate":"https:\/\/www.solidariteprotestante.be\/nl\/?s={search_term_string}"},"query-input":{"@type":"PropertyValueSpecification","valueRequired":true,"valueName":"search_term_string"}}],"inLanguage":"nl-NL"}]}},"_links":{"self":[{"href":"https:\/\/www.solidariteprotestante.be\/nl\/wp-json\/wp\/v2\/product\/10724","targetHints":{"allow":["GET"]}}],"collection":[{"href":"https:\/\/www.solidariteprotestante.be\/nl\/wp-json\/wp\/v2\/product"}],"about":[{"href":"https:\/\/www.solidariteprotestante.be\/nl\/wp-json\/wp\/v2\/types\/product"}],"wp:featuredmedia":[{"embeddable":true,"href":"https:\/\/www.solidariteprotestante.be\/nl\/wp-json\/wp\/v2\/media\/10727"}],"wp:attachment":[{"href":"https:\/\/www.solidariteprotestante.be\/nl\/wp-json\/wp\/v2\/media?parent=10724"}],"wp:term":[{"taxonomy":"product_brand","embeddable":true,"href":"https:\/\/www.solidariteprotestante.be\/nl\/wp-json\/wp\/v2\/product_brand?post=10724"},{"taxonomy":"product_cat","embeddable":true,"href":"https:\/\/www.solidariteprotestante.be\/nl\/wp-json\/wp\/v2\/product_cat?post=10724"},{"taxonomy":"product_tag","embeddable":true,"href":"https:\/\/www.solidariteprotestante.be\/nl\/wp-json\/wp\/v2\/product_tag?post=10724"}],"curies":[{"name":"wp","href":"https:\/\/api.w.org\/{rel}","templated":true}]}}